{"id":981,"date":"2024-12-02T20:48:42","date_gmt":"2024-12-02T19:48:42","guid":{"rendered":"https:\/\/www.cordelia-paris-hotel.com\/new\/?page_id=981"},"modified":"2025-12-08T17:24:25","modified_gmt":"2025-12-08T16:24:25","slug":"vos-avis","status":"publish","type":"page","link":"https:\/\/www.cordelia-paris-hotel.com\/new\/vos-avis\/","title":{"rendered":"Vos avis"},"content":{"rendered":"\n\n  <div class=\"banner has-hover\" id=\"banner-1335470575\">\n          <div class=\"banner-inner fill\">\n        <div class=\"banner-bg fill\" >\n            <img fetchpriority=\"high\" decoding=\"async\" width=\"1920\" height=\"1280\" src=\"https:\/\/www.cordelia-paris-hotel.com\/new\/wp-content\/uploads\/2025\/11\/avis.jpg\" class=\"bg attachment-original size-original\" alt=\"D\u00e9tente \u00e0 l&#039;h\u00f4tel Cord\u00e9lia Paris\" \/>                        <div class=\"overlay\"><\/div>            \n                    <\/div>\n\t\t\n        <div class=\"banner-layers container\">\n            <div class=\"fill banner-link\"><\/div>            \n\n   <div id=\"text-box-365233698\" class=\"text-box banner-layer x1 md-x1 lg-x1 y95 md-y90 lg-y90 res-text\">\n              <div data-parallax=\"-1\" data-parallax-fade=\"true\">       <div data-animate=\"bounceIn\">           <div class=\"text-box-content text dark\">\n              \n              <div class=\"text-inner text-center\">\n                  \n\n\t<div id=\"text-1689704856\" class=\"text\">\n\t\t\n\n<h1 class=\"titre-rooms\">Avis Clients<\/p>\n\t\t\n<style>\n#text-1689704856 {\n  text-align: left;\n}\n<\/style>\n\t<\/div>\n\t\n\n              <\/div>\n           <\/div>\n       <\/div>       <\/div>              \n<style>\n#text-box-365233698 {\n  width: 95%;\n}\n#text-box-365233698 .text-box-content {\n  font-size: 100%;\n}\n@media (min-width:550px) {\n  #text-box-365233698 {\n    width: 70%;\n  }\n}\n@media (min-width:850px) {\n  #text-box-365233698 {\n    width: 100%;\n  }\n}\n<\/style>\n    <\/div>\n \n\n        <\/div>\n      <\/div>\n\n            \n<style>\n#banner-1335470575 {\n  padding-top: 262px;\n}\n#banner-1335470575 .overlay {\n  background-color: rgba(0, 0, 0, 0.6);\n}\n#banner-1335470575 .banner-bg img {\n  object-position: 68% 60%;\n}\n@media (min-width:550px) {\n  #banner-1335470575 {\n    padding-top: 56.25%;\n  }\n}\n@media (min-width:850px) {\n  #banner-1335470575 {\n    padding-top: 500px;\n  }\n}\n<\/style>\n  <\/div>\n\n\n<div class=\"row row-large align-center\"  id=\"row-1910314099\">\n\n\n\t<div id=\"col-1982315207\" class=\"col small-12 large-12\"  >\n\t\t\t\t<div class=\"col-inner text-left\"  >\n\t\t\t\n\t\t\t\n\n\n\n<script type=\"text\/javascript\" id=\"widget-experience-56\" src=\"https:\/\/api.experience-hotel.com\/res\/webmodule\/AIR\/loader.php?dw=customercomments&#038;dt=56&#038;slug=hotel-cordelia\" ><\/script>\n\n\n\t\t<\/div>\n\t\t\t\t\n<style>\n#col-1982315207 > .col-inner {\n  padding: 0px 0px 0px 0px;\n  margin: 50px 0px 0px 0px;\n}\n<\/style>\n\t<\/div>\n\n\t\n\n<\/div>\n\n","protected":false},"excerpt":{"rendered":"","protected":false},"author":1,"featured_media":0,"parent":0,"menu_order":0,"comment_status":"closed","ping_status":"closed","template":"page-transparent-header-light.php","meta":{"_acf_changed":false,"footnotes":""},"class_list":["post-981","page","type-page","status-publish","hentry"],"acf":[],"yoast_head":"<!-- This site is optimized with the Yoast SEO plugin v27.4 - https:\/\/yoast.com\/product\/yoast-seo-wordpress\/ -->\n<title>Les avis sur l&#039;h\u00f4tel Cord\u00e9lia, ce que les clients pensent de nous<\/title>\n<meta name=\"description\" content=\"Retrouvez ce que pensent les voyageurs de l&#039;h\u00f4tel Cord\u00e9lia Paris suite \u00e0 leur s\u00e9jour, situation, accueil, services...\" \/>\n<meta name=\"robots\" content=\"noindex, follow, max-snippet:-1, max-image-preview:large, max-video-preview:-1\" \/>\n<meta property=\"og:locale\" content=\"fr_FR\" \/>\n<meta property=\"og:type\" content=\"article\" \/>\n<meta property=\"og:title\" content=\"Les avis sur l&#039;h\u00f4tel Cord\u00e9lia, ce que les clients pensent de nous\" \/>\n<meta property=\"og:description\" content=\"Retrouvez ce que pensent les voyageurs de l&#039;h\u00f4tel Cord\u00e9lia Paris suite \u00e0 leur s\u00e9jour, situation, accueil, services...\" \/>\n<meta property=\"og:url\" content=\"https:\/\/www.cordelia-paris-hotel.com\/new\/vos-avis\/\" \/>\n<meta property=\"og:site_name\" content=\"H\u00f4tel Cord\u00e9lia\" \/>\n<meta property=\"article:modified_time\" content=\"2025-12-08T16:24:25+00:00\" \/>\n<meta name=\"twitter:card\" content=\"summary_large_image\" \/>\n<meta name=\"twitter:label1\" content=\"Dur\u00e9e de lecture estim\u00e9e\" \/>\n\t<meta name=\"twitter:data1\" content=\"1 minute\" \/>\n<script type=\"application\/ld+json\" class=\"yoast-schema-graph\">{\"@context\":\"https:\\\/\\\/schema.org\",\"@graph\":[{\"@type\":\"WebPage\",\"@id\":\"https:\\\/\\\/www.cordelia-paris-hotel.com\\\/new\\\/vos-avis\\\/\",\"url\":\"https:\\\/\\\/www.cordelia-paris-hotel.com\\\/new\\\/vos-avis\\\/\",\"name\":\"Les avis sur l'h\u00f4tel Cord\u00e9lia, ce que les clients pensent de nous\",\"isPartOf\":{\"@id\":\"https:\\\/\\\/www.cordelia-paris-hotel.com\\\/new\\\/#website\"},\"datePublished\":\"2024-12-02T19:48:42+00:00\",\"dateModified\":\"2025-12-08T16:24:25+00:00\",\"description\":\"Retrouvez ce que pensent les voyageurs de l'h\u00f4tel Cord\u00e9lia Paris suite \u00e0 leur s\u00e9jour, situation, accueil, services...\",\"breadcrumb\":{\"@id\":\"https:\\\/\\\/www.cordelia-paris-hotel.com\\\/new\\\/vos-avis\\\/#breadcrumb\"},\"inLanguage\":\"fr-FR\",\"potentialAction\":[{\"@type\":\"ReadAction\",\"target\":[\"https:\\\/\\\/www.cordelia-paris-hotel.com\\\/new\\\/vos-avis\\\/\"]}]},{\"@type\":\"BreadcrumbList\",\"@id\":\"https:\\\/\\\/www.cordelia-paris-hotel.com\\\/new\\\/vos-avis\\\/#breadcrumb\",\"itemListElement\":[{\"@type\":\"ListItem\",\"position\":1,\"name\":\"Accueil\",\"item\":\"https:\\\/\\\/www.cordelia-paris-hotel.com\\\/new\\\/\"},{\"@type\":\"ListItem\",\"position\":2,\"name\":\"Vos avis\"}]},{\"@type\":\"WebSite\",\"@id\":\"https:\\\/\\\/www.cordelia-paris-hotel.com\\\/new\\\/#website\",\"url\":\"https:\\\/\\\/www.cordelia-paris-hotel.com\\\/new\\\/\",\"name\":\"H\u00f4tel Cord\u00e9lia\",\"description\":\"\",\"potentialAction\":[{\"@type\":\"SearchAction\",\"target\":{\"@type\":\"EntryPoint\",\"urlTemplate\":\"https:\\\/\\\/www.cordelia-paris-hotel.com\\\/new\\\/?s={search_term_string}\"},\"query-input\":{\"@type\":\"PropertyValueSpecification\",\"valueRequired\":true,\"valueName\":\"search_term_string\"}}],\"inLanguage\":\"fr-FR\"}]}<\/script>\n<!-- \/ Yoast SEO plugin. -->","yoast_head_json":{"title":"Les avis sur l'h\u00f4tel Cord\u00e9lia, ce que les clients pensent de nous","description":"Retrouvez ce que pensent les voyageurs de l'h\u00f4tel Cord\u00e9lia Paris suite \u00e0 leur s\u00e9jour, situation, accueil, services...","robots":{"index":"noindex","follow":"follow","max-snippet":"max-snippet:-1","max-image-preview":"max-image-preview:large","max-video-preview":"max-video-preview:-1"},"og_locale":"fr_FR","og_type":"article","og_title":"Les avis sur l'h\u00f4tel Cord\u00e9lia, ce que les clients pensent de nous","og_description":"Retrouvez ce que pensent les voyageurs de l'h\u00f4tel Cord\u00e9lia Paris suite \u00e0 leur s\u00e9jour, situation, accueil, services...","og_url":"https:\/\/www.cordelia-paris-hotel.com\/new\/vos-avis\/","og_site_name":"H\u00f4tel Cord\u00e9lia","article_modified_time":"2025-12-08T16:24:25+00:00","twitter_card":"summary_large_image","twitter_misc":{"Dur\u00e9e de lecture estim\u00e9e":"1 minute"},"schema":{"@context":"https:\/\/schema.org","@graph":[{"@type":"WebPage","@id":"https:\/\/www.cordelia-paris-hotel.com\/new\/vos-avis\/","url":"https:\/\/www.cordelia-paris-hotel.com\/new\/vos-avis\/","name":"Les avis sur l'h\u00f4tel Cord\u00e9lia, ce que les clients pensent de nous","isPartOf":{"@id":"https:\/\/www.cordelia-paris-hotel.com\/new\/#website"},"datePublished":"2024-12-02T19:48:42+00:00","dateModified":"2025-12-08T16:24:25+00:00","description":"Retrouvez ce que pensent les voyageurs de l'h\u00f4tel Cord\u00e9lia Paris suite \u00e0 leur s\u00e9jour, situation, accueil, services...","breadcrumb":{"@id":"https:\/\/www.cordelia-paris-hotel.com\/new\/vos-avis\/#breadcrumb"},"inLanguage":"fr-FR","potentialAction":[{"@type":"ReadAction","target":["https:\/\/www.cordelia-paris-hotel.com\/new\/vos-avis\/"]}]},{"@type":"BreadcrumbList","@id":"https:\/\/www.cordelia-paris-hotel.com\/new\/vos-avis\/#breadcrumb","itemListElement":[{"@type":"ListItem","position":1,"name":"Accueil","item":"https:\/\/www.cordelia-paris-hotel.com\/new\/"},{"@type":"ListItem","position":2,"name":"Vos avis"}]},{"@type":"WebSite","@id":"https:\/\/www.cordelia-paris-hotel.com\/new\/#website","url":"https:\/\/www.cordelia-paris-hotel.com\/new\/","name":"H\u00f4tel Cord\u00e9lia","description":"","potentialAction":[{"@type":"SearchAction","target":{"@type":"EntryPoint","urlTemplate":"https:\/\/www.cordelia-paris-hotel.com\/new\/?s={search_term_string}"},"query-input":{"@type":"PropertyValueSpecification","valueRequired":true,"valueName":"search_term_string"}}],"inLanguage":"fr-FR"}]}},"_links":{"self":[{"href":"https:\/\/www.cordelia-paris-hotel.com\/new\/wp-json\/wp\/v2\/pages\/981","targetHints":{"allow":["GET"]}}],"collection":[{"href":"https:\/\/www.cordelia-paris-hotel.com\/new\/wp-json\/wp\/v2\/pages"}],"about":[{"href":"https:\/\/www.cordelia-paris-hotel.com\/new\/wp-json\/wp\/v2\/types\/page"}],"author":[{"embeddable":true,"href":"https:\/\/www.cordelia-paris-hotel.com\/new\/wp-json\/wp\/v2\/users\/1"}],"replies":[{"embeddable":true,"href":"https:\/\/www.cordelia-paris-hotel.com\/new\/wp-json\/wp\/v2\/comments?post=981"}],"version-history":[{"count":7,"href":"https:\/\/www.cordelia-paris-hotel.com\/new\/wp-json\/wp\/v2\/pages\/981\/revisions"}],"predecessor-version":[{"id":2702,"href":"https:\/\/www.cordelia-paris-hotel.com\/new\/wp-json\/wp\/v2\/pages\/981\/revisions\/2702"}],"wp:attachment":[{"href":"https:\/\/www.cordelia-paris-hotel.com\/new\/wp-json\/wp\/v2\/media?parent=981"}],"curies":[{"name":"wp","href":"https:\/\/api.w.org\/{rel}","templated":true}]}}