{"id":895,"date":"2024-12-02T16:53:57","date_gmt":"2024-12-02T15:53:57","guid":{"rendered":"https:\/\/www.cordelia-paris-hotel.com\/new\/?page_id=895"},"modified":"2025-12-14T18:53:25","modified_gmt":"2025-12-14T17:53:25","slug":"nos-offres","status":"publish","type":"page","link":"https:\/\/www.cordelia-paris-hotel.com\/new\/nos-offres\/","title":{"rendered":"Nos offres"},"content":{"rendered":"\n\n  <div class=\"banner has-hover\" id=\"banner-1530799016\">\n          <div class=\"banner-inner fill\">\n        <div class=\"banner-bg fill\" >\n            <img fetchpriority=\"high\" decoding=\"async\" width=\"1707\" height=\"2560\" src=\"https:\/\/www.cordelia-paris-hotel.com\/new\/wp-content\/uploads\/2025\/11\/offres-scaled.jpg\" class=\"bg attachment-original size-original\" alt=\"Coupes de Champagne, offres romantiques\" \/>                                    \n                    <\/div>\n\t\t\n        <div class=\"banner-layers container\">\n            <div class=\"fill banner-link\"><\/div>            \n\n   <div id=\"text-box-2113783268\" class=\"text-box banner-layer x10 md-x1 lg-x1 y95 md-y90 lg-y90 res-text\">\n              <div data-parallax=\"-1\" data-parallax-fade=\"true\">       <div data-animate=\"bounceIn\">           <div class=\"text-box-content text dark\">\n              \n              <div class=\"text-inner text-center\">\n                  \n\n\t<div id=\"text-880814026\" class=\"text\">\n\t\t\n\n<h1 class=\"titre-rooms\">Nos Offres<\/h1>\n\t\t\n<style>\n#text-880814026 {\n  text-align: left;\n}\n<\/style>\n\t<\/div>\n\t\n\n              <\/div>\n           <\/div>\n       <\/div>       <\/div>              \n<style>\n#text-box-2113783268 {\n  width: 80%;\n}\n#text-box-2113783268 .text-box-content {\n  font-size: 100%;\n}\n@media (min-width:550px) {\n  #text-box-2113783268 {\n    width: 70%;\n  }\n}\n@media (min-width:850px) {\n  #text-box-2113783268 {\n    width: 100%;\n  }\n}\n<\/style>\n    <\/div>\n \n\n        <\/div>\n      <\/div>\n\n            \n<style>\n#banner-1530799016 {\n  padding-top: 262px;\n}\n#banner-1530799016 .banner-bg img {\n  object-position: 20% 40%;\n}\n@media (min-width:550px) {\n  #banner-1530799016 {\n    padding-top: 56.25%;\n  }\n}\n@media (min-width:850px) {\n  #banner-1530799016 {\n    padding-top: 500px;\n  }\n}\n<\/style>\n  <\/div>\n\n\n<div class=\"row align-middle\"  id=\"row-814199634\">\n\n\n\t<div id=\"col-138907261\" class=\"col medium-12 small-12 large-12\"  >\n\t\t\t\t<div class=\"col-inner text-center\"  >\n\t\t\t\n\t\t\t\n\n\t<div id=\"text-1395815640\" class=\"text\">\n\t\t\n\n<p>D\u00e9couvrez les offres exclusives de l\u2019h\u00f4tel Cord\u00e9lia, o\u00f9 chaque s\u00e9jour se transforme en une exp\u00e9rience inoubliable. Situ\u00e9 au c\u0153ur de Paris, notre \u00e9tablissement vous invite \u00e0 profiter de tarifs sp\u00e9ciaux et d\u2019avantages exceptionnels pour rendre votre visite encore plus agr\u00e9able.\n<\/p>\n\t\t\n<style>\n#text-1395815640 {\n  text-align: left;\n}\n<\/style>\n\t<\/div>\n\t\n\n\t\t<\/div>\n\t\t\t\t\n<style>\n#col-138907261 > .col-inner {\n  padding: 10px 20px 0px 20px;\n  margin: 30px 0px 0px 0px;\n  max-width: 750px;\n}\n@media (min-width:550px) {\n  #col-138907261 > .col-inner {\n    padding: 80px 0px 0px 0px;\n    margin: 0px 0px 0px 0px;\n  }\n}\n@media (min-width:850px) {\n  #col-138907261 > .col-inner {\n    max-width: 100%;\n  }\n}\n<\/style>\n\t<\/div>\n\n\t\n\n<\/div>\n<div class=\"is-divider divider clearfix\" style=\"max-width:0px;height:30px;\"><\/div>\n\n<div class=\"row\"  id=\"row-731825233\">\n\n\n\t<div id=\"col-1527145228\" class=\"col medium-12 small-12 large-6\"  >\n\t\t\t\t<div class=\"col-inner\"  >\n\t\t\t\n\t\t\t\n\n\t<div class=\"img has-hover x md-x lg-x y md-y lg-y\" id=\"image_746147226\">\n\t\t\t\t\t\t\t\t<div class=\"img-inner image-cover dark\" style=\"padding-top:56.25%;\">\n\t\t\t<img decoding=\"async\" width=\"1020\" height=\"680\" src=\"https:\/\/www.cordelia-paris-hotel.com\/new\/wp-content\/uploads\/2025\/10\/offre-1-1024x683.jpg\" class=\"attachment-large size-large\" alt=\"D\u00e9tente dans le salon de l&#039;h\u00f4tel Cord\u00e9lia Paris\" srcset=\"https:\/\/www.cordelia-paris-hotel.com\/new\/wp-content\/uploads\/2025\/10\/offre-1-1024x683.jpg 1024w, https:\/\/www.cordelia-paris-hotel.com\/new\/wp-content\/uploads\/2025\/10\/offre-1-300x200.jpg 300w, https:\/\/www.cordelia-paris-hotel.com\/new\/wp-content\/uploads\/2025\/10\/offre-1-768x512.jpg 768w, https:\/\/www.cordelia-paris-hotel.com\/new\/wp-content\/uploads\/2025\/10\/offre-1-1536x1024.jpg 1536w, https:\/\/www.cordelia-paris-hotel.com\/new\/wp-content\/uploads\/2025\/10\/offre-1.jpg 1920w\" sizes=\"(max-width: 1020px) 100vw, 1020px\" \/>\t\t\t\t\t\t\n\t\t\t\t\t<\/div>\n\t\t\t\t\t\t\t\t\n<style>\n#image_746147226 {\n  width: 100%;\n}\n<\/style>\n\t<\/div>\n\t\n\n<div class=\"is-divider divider clearfix\" style=\"height:20px;background-color:rgba(0, 0, 0, 0);\"><\/div>\n\n\t<div id=\"text-812679140\" class=\"text\">\n\t\t\n\n<p style=\"font-weight:300 !important; font-size:24px;\">\u00c9chappez-vous \u00e0 paris<\/p>\n<h3 style=\"font-weight:400 !important; font-size:48px; line-height:48px;\">-10% sur votre S\u00e9jour <br>de 3 Nuits ou Plus<\/h3>\n\t\t\n<style>\n#text-812679140 {\n  text-align: center;\n}\n<\/style>\n\t<\/div>\n\t\n<div class=\"row align-center\"  id=\"row-630078116\">\n\n\n\t<div id=\"col-714088597\" class=\"col small-6 large-12\"  >\n\t\t\t\t<div class=\"col-inner text-center\"  >\n\t\t\t\n\t\t\t\n\n<a href=\"https:\/\/www.secure-hotel-booking.com\/Hotel-Cordelia\/21V3\/dateselection?language=FR\" target=\"_blank\" class=\"button secondary is-small\" rel=\"noopener\"  style=\"border-radius:5px;padding:7px 20px 7px 20px;\">\n\t\t<span>R\u00e9server<\/span>\n\t<\/a>\n\n\n\n\t\t<\/div>\n\t\t\t\t\n<style>\n#col-714088597 > .col-inner {\n  margin: 10px 0px 0px 0px;\n}\n<\/style>\n\t<\/div>\n\n\t\n\n<\/div>\n\n\t<section class=\"section container-offres\" id=\"section_1384688941\">\n\t\t<div class=\"section-bg fill\" >\n\t\t\t\t\t\t\t\t\t\n\t\t\t\n\n\t\t<\/div>\n\n\t\t\n\n\t\t<div class=\"section-content relative\">\n\t\t\t\n\n<div class=\"row row-collapse row-full-width\"  id=\"row-1182127763\">\n\n\n\t<div id=\"col-433631436\" class=\"col small-12 large-12\"  >\n\t\t\t\t<div class=\"col-inner\"  >\n\t\t\t\n\t\t\t\n\n\t<div id=\"text-4086926872\" class=\"text text-offres\">\n\t\t\n\n<p> Profitez de notre offre sp\u00e9ciale long s\u00e9jour : restez 3 nuits ou plus dans notre h\u00f4tel parisien et b\u00e9n\u00e9ficiez d&rsquo;une r\u00e9duction de 10 % suppl\u00e9mentaire sur votre s\u00e9jour !<\/p>\n\t\t\n<style>\n#text-4086926872 {\n  text-align: left;\n}\n<\/style>\n\t<\/div>\n\t\n<div class=\"accordion accordion-plus-offres\">\n\n\t<div id=\"accordion-186226597\" class=\"accordion-item plus-offres\">\n\t\t<a id=\"accordion-186226597-label\" class=\"accordion-title plain\" href=\"#accordion-item-en-savoir-plus\" aria-expanded=\"false\" aria-controls=\"accordion-186226597-content\" >\n\t\t\t\n\t\t\t<span>EN SAVOIR PLUS<\/span>\n\t\t\t<button class=\"toggle\" aria-label=\"Basculer\"><i class=\"icon-plus\"><\/i><\/button>\n\t\t<\/a>\n\t\t<div id=\"accordion-186226597-content\" class=\"accordion-inner\" aria-labelledby=\"accordion-186226597-label\" >\n\t\t\t\n\n\n\t<section class=\"section\" id=\"section_552988694\">\n\t\t<div class=\"section-bg fill\" >\n\t\t\t\t\t\t\t\t\t\n\t\t\t\n\n\t\t<\/div>\n\n\t\t\n\n\t\t<div class=\"section-content relative\">\n\t\t\t\n\n<div class=\"row row-collapse row-full-width\"  id=\"row-1747241374\">\n\n\n\t<div id=\"col-640456579\" class=\"col small-12 large-12\"  >\n\t\t\t\t<div class=\"col-inner\"  >\n\t\t\t\n\t\t\t\n\n<p>Profitez de notre offre sp\u00e9ciale long s\u00e9jour : restez 3 nuits ou plus dans notre h\u00f4tel parisien et b\u00e9n\u00e9ficiez d&rsquo;une r\u00e9duction de 10 % suppl\u00e9mentaire sur votre s\u00e9jour !<br \/>\nPlongez-vous dans l&rsquo;ambiance unique de la ville lumi\u00e8re tout en profitant du confort de nos chambres.<br \/>\nCette offre exclusive est uniquement disponible sur notre site officiel, vous garantissant les meilleures conditions pour votre escapade.<\/p>\n<p>Que ce soit pour d\u00e9couvrir les monuments embl\u00e9matiques, explorer les charmants quartiers ou simplement vous d\u00e9tendre, nous avons tout ce qu&rsquo;il vous faut pour un s\u00e9jour inoubliable. R\u00e9servez d\u00e8s maintenant et laissez Paris vous envo\u00fbter !<\/p>\n\n\t\t<\/div>\n\t\t\t\t\n<style>\n#col-640456579 > .col-inner {\n  margin: 0px 0px 20px 0px;\n}\n<\/style>\n\t<\/div>\n\n\t\n\n\t<div id=\"col-877434052\" class=\"col small-12 large-12\"  >\n\t\t\t\t<div class=\"col-inner\"  >\n\t\t\t\n\t\t\t\n\n\t<div id=\"text-2232201840\" class=\"text\">\n\t\t\n\n<p>LES PLUS:<\/p>\n<ul>\n<li>Disponible tous les jours de la semaine<\/li>\n<li>Vous choisissez vos conditions d&rsquo;annulation<\/li>\n<li>Jusqu\u2019\u00e0 \u2013 35 % en r\u00e9servant sur le site officiel<\/li>\n<li>Possible avec ou sans petit-d\u00e9jeuner<\/li>\n<\/ul>\n\t\t\n<style>\n#text-2232201840 {\n  color: rgb(33, 33, 33);\n}\n#text-2232201840 > * {\n  color: rgb(33, 33, 33);\n}\n<\/style>\n\t<\/div>\n\t\n\n\t\t<\/div>\n\t\t\t\t\n<style>\n#col-877434052 > .col-inner {\n  margin: 0px 0px 30px 0px;\n}\n<\/style>\n\t<\/div>\n\n\t\n\n\t<div id=\"col-1679104715\" class=\"col small-12 large-12\"  >\n\t\t\t\t<div class=\"col-inner\"  >\n\t\t\t\n\t\t\t\n\n\t<div id=\"text-1547183259\" class=\"text\">\n\t\t\n\n<p>LES CONDITIONS<\/p>\n<ul>\n<li>Selon ce que vous choisissez, (flexible, semi-flexible ou non remboursable), un paiement \u00e0 la r\u00e9servation peut vous \u00eatre demand\u00e9.<\/li>\n<\/ul>\n\t\t\n<style>\n#text-1547183259 {\n  color: rgb(33, 33, 33);\n}\n#text-1547183259 > * {\n  color: rgb(33, 33, 33);\n}\n<\/style>\n\t<\/div>\n\t\n\n\t\t<\/div>\n\t\t\t\t\t<\/div>\n\n\t\n\n<\/div>\n\n\t\t<\/div>\n\n\t\t\n<style>\n#section_552988694 {\n  padding-top: 0px;\n  padding-bottom: 0px;\n}\n<\/style>\n\t<\/section>\n\t\n\n\t\t<\/div>\n\t<\/div>\n\t\n\n<\/div>\n\n\t\t<\/div>\n\t\t\t\t\t<\/div>\n\n\t\n\n<\/div>\n\n\t\t<\/div>\n\n\t\t\n<style>\n#section_1384688941 {\n  padding-top: 0px;\n  padding-bottom: 0px;\n}\n<\/style>\n\t<\/section>\n\t\n\n\t\t<\/div>\n\t\t\t\t\t<\/div>\n\n\t\n\n\t<div id=\"col-1573319960\" class=\"col medium-12 small-12 large-6\"  >\n\t\t\t\t<div class=\"col-inner\"  >\n\t\t\t\n\t\t\t\n\n\t<div class=\"img has-hover x md-x lg-x y md-y lg-y\" id=\"image_704767001\">\n\t\t\t\t\t\t\t\t<div class=\"img-inner image-cover dark\" style=\"padding-top:56.25%;\">\n\t\t\t<img decoding=\"async\" width=\"1020\" height=\"680\" src=\"https:\/\/www.cordelia-paris-hotel.com\/new\/wp-content\/uploads\/2025\/10\/offre-2-1024x683.jpg\" class=\"attachment-large size-large\" alt=\"Petit-d\u00e9jeuner buffet\" srcset=\"https:\/\/www.cordelia-paris-hotel.com\/new\/wp-content\/uploads\/2025\/10\/offre-2-1024x683.jpg 1024w, https:\/\/www.cordelia-paris-hotel.com\/new\/wp-content\/uploads\/2025\/10\/offre-2-300x200.jpg 300w, https:\/\/www.cordelia-paris-hotel.com\/new\/wp-content\/uploads\/2025\/10\/offre-2-768x512.jpg 768w, https:\/\/www.cordelia-paris-hotel.com\/new\/wp-content\/uploads\/2025\/10\/offre-2-1536x1024.jpg 1536w, https:\/\/www.cordelia-paris-hotel.com\/new\/wp-content\/uploads\/2025\/10\/offre-2.jpg 1920w\" sizes=\"(max-width: 1020px) 100vw, 1020px\" \/>\t\t\t\t\t\t\n\t\t\t\t\t<\/div>\n\t\t\t\t\t\t\t\t\n<style>\n#image_704767001 {\n  width: 100%;\n}\n<\/style>\n\t<\/div>\n\t\n\n<div class=\"is-divider divider clearfix\" style=\"height:20px;background-color:rgba(0, 0, 0, 0);\"><\/div>\n\n\t<div id=\"text-3647042896\" class=\"text\">\n\t\t\n\n<p style=\"font-weight:300 !important; font-size:24px;\">\u00c9vasion Gourmande<\/p>\n<h3 style=\"font-weight:400 !important; font-size:48px; line-height:48px;\">Petit D\u00e9jeuner buffet<br>et Annulation Gratuite<\/h3>\n\t\t\n<style>\n#text-3647042896 {\n  text-align: center;\n}\n<\/style>\n\t<\/div>\n\t\n<div class=\"row align-center\"  id=\"row-1744219951\">\n\n\n\t<div id=\"col-1103982783\" class=\"col small-6 large-12\"  >\n\t\t\t\t<div class=\"col-inner text-center\"  >\n\t\t\t\n\t\t\t\n\n<a href=\"https:\/\/www.secure-hotel-booking.com\/Hotel-Cordelia\/21V3\/dateselection?language=FR\" target=\"_blank\" class=\"button secondary is-small\" rel=\"noopener\"  style=\"border-radius:5px;padding:7px 20px 7px 20px;\">\n\t\t<span>R\u00e9server<\/span>\n\t<\/a>\n\n\n\n\t\t<\/div>\n\t\t\t\t\n<style>\n#col-1103982783 > .col-inner {\n  margin: 10px 0px 0px 0px;\n}\n<\/style>\n\t<\/div>\n\n\t\n\n<\/div>\n\n\t<section class=\"section container-offres\" id=\"section_2101870332\">\n\t\t<div class=\"section-bg fill\" >\n\t\t\t\t\t\t\t\t\t\n\t\t\t\n\n\t\t<\/div>\n\n\t\t\n\n\t\t<div class=\"section-content relative\">\n\t\t\t\n\n<div class=\"row row-collapse row-full-width\"  id=\"row-1479840161\">\n\n\n\t<div id=\"col-620115516\" class=\"col small-12 large-12\"  >\n\t\t\t\t<div class=\"col-inner\"  >\n\t\t\t\n\t\t\t\n\n\t<div id=\"text-3402708775\" class=\"text text-offres\">\n\t\t\n\n<p> Les plus beaux voyages se nourrissent d&rsquo;impr\u00e9vus et doivent faire face aux al\u00e9as. Pour rendre votre exp\u00e9rience encore plus agr\u00e9able, nous vous proposons un petit d\u00e9jeuner buffet copieux,<\/p>\n\t\t\n<style>\n#text-3402708775 {\n  text-align: left;\n}\n<\/style>\n\t<\/div>\n\t\n<div class=\"accordion accordion-plus-offres\">\n\n\t<div id=\"accordion-2867753140\" class=\"accordion-item plus-offres\">\n\t\t<a id=\"accordion-2867753140-label\" class=\"accordion-title plain\" href=\"#accordion-item-en-savoir-plus\" aria-expanded=\"false\" aria-controls=\"accordion-2867753140-content\" >\n\t\t\t\n\t\t\t<span>EN SAVOIR PLUS<\/span>\n\t\t\t<button class=\"toggle\" aria-label=\"Basculer\"><i class=\"icon-plus\"><\/i><\/button>\n\t\t<\/a>\n\t\t<div id=\"accordion-2867753140-content\" class=\"accordion-inner\" aria-labelledby=\"accordion-2867753140-label\" >\n\t\t\t\n\n\n\t<section class=\"section\" id=\"section_896282495\">\n\t\t<div class=\"section-bg fill\" >\n\t\t\t\t\t\t\t\t\t\n\t\t\t\n\n\t\t<\/div>\n\n\t\t\n\n\t\t<div class=\"section-content relative\">\n\t\t\t\n\n<div class=\"row row-collapse row-full-width\"  id=\"row-1091790066\">\n\n\n\t<div id=\"col-1869503664\" class=\"col small-12 large-12\"  >\n\t\t\t\t<div class=\"col-inner\"  >\n\t\t\t\n\t\t\t\n\n<p>Les plus beaux voyages se nourrissent d&rsquo;impr\u00e9vus et doivent faire face aux al\u00e9as. Pour rendre votre exp\u00e9rience encore plus agr\u00e9able, nous vous proposons un petit d\u00e9jeuner buffet copieux, mettant \u00e0 l\u2019honneur des produits locaux en circuit court. De plus, nous vous offrons la possibilit\u00e9 d\u2019annuler votre s\u00e9jour sans frais jusqu&rsquo;\u00e0 48 heures avant votre arriv\u00e9e. Profitez de chaque instant en toute s\u00e9r\u00e9nit\u00e9 !<\/p>\n\n\t\t<\/div>\n\t\t\t\t\n<style>\n#col-1869503664 > .col-inner {\n  margin: 0px 0px 20px 0px;\n}\n<\/style>\n\t<\/div>\n\n\t\n\n\t<div id=\"col-326606185\" class=\"col small-12 large-12\"  >\n\t\t\t\t<div class=\"col-inner\"  >\n\t\t\t\n\t\t\t\n\n\t<div id=\"text-2152736171\" class=\"text\">\n\t\t\n\n<p>LES PLUS:<\/p>\n<ul>\n<li>Disponible tous les jours de la semaine<\/li>\n<li>Annulation sans frais jusqu\u2019\u00e0 48H avant le jour d\u2019arriv\u00e9e<\/li>\n<li>Jusqu&rsquo;\u00e0 &#8211; 25% en r\u00e9servant sur le site officiel<\/li>\n<li>Petit-D\u00e9jeuner Buffet inclus<\/li>\n<\/ul>\n\t\t\n<style>\n#text-2152736171 {\n  color: rgb(33, 33, 33);\n}\n#text-2152736171 > * {\n  color: rgb(33, 33, 33);\n}\n<\/style>\n\t<\/div>\n\t\n\n\t\t<\/div>\n\t\t\t\t\n<style>\n#col-326606185 > .col-inner {\n  margin: 0px 0px 30px 0px;\n}\n<\/style>\n\t<\/div>\n\n\t\n\n\t<div id=\"col-1541431673\" class=\"col small-12 large-12\"  >\n\t\t\t\t<div class=\"col-inner\"  >\n\t\t\t\n\t\t\t\n\n\t<div id=\"text-4120859280\" class=\"text\">\n\t\t\n\n<p>LES CONDITIONS<\/p>\n<ul>\n<li>Chaque r\u00e9servation doit \u00eatre garantie par une carte bancaire valide.<\/li>\n<\/ul>\n\t\t\n<style>\n#text-4120859280 {\n  color: rgb(33, 33, 33);\n}\n#text-4120859280 > * {\n  color: rgb(33, 33, 33);\n}\n<\/style>\n\t<\/div>\n\t\n\n\t\t<\/div>\n\t\t\t\t\t<\/div>\n\n\t\n\n<\/div>\n\n\t\t<\/div>\n\n\t\t\n<style>\n#section_896282495 {\n  padding-top: 0px;\n  padding-bottom: 0px;\n}\n<\/style>\n\t<\/section>\n\t\n\n\t\t<\/div>\n\t<\/div>\n\t\n\n<\/div>\n\n\t\t<\/div>\n\t\t\t\t\t<\/div>\n\n\t\n\n<\/div>\n\n\t\t<\/div>\n\n\t\t\n<style>\n#section_2101870332 {\n  padding-top: 0px;\n  padding-bottom: 0px;\n}\n<\/style>\n\t<\/section>\n\t\n\n\t\t<\/div>\n\t\t\t\t\t<\/div>\n\n\t\n\n\n\n\n\n<\/div>\n\n","protected":false},"excerpt":{"rendered":"","protected":false},"author":1,"featured_media":0,"parent":0,"menu_order":0,"comment_status":"closed","ping_status":"closed","template":"page-transparent-header-light.php","meta":{"_acf_changed":false,"footnotes":""},"class_list":["post-895","page","type-page","status-publish","hentry"],"acf":[],"yoast_head":"<!-- This site is optimized with the Yoast SEO plugin v27.4 - https:\/\/yoast.com\/product\/yoast-seo-wordpress\/ -->\n<title>Les offres du site officiel du Cord\u00e9lia, r\u00e9servez au meilleur prix.<\/title>\n<meta name=\"description\" content=\"D\u00e9couvrez les offres exclusives de l\u2019h\u00f4tel Cord\u00e9lia, o\u00f9 chaque s\u00e9jour se transforme en une exp\u00e9rience inoubliable.\" \/>\n<meta name=\"robots\" content=\"noindex, follow, max-snippet:-1, max-image-preview:large, max-video-preview:-1\" \/>\n<meta property=\"og:locale\" content=\"fr_FR\" \/>\n<meta property=\"og:type\" content=\"article\" \/>\n<meta property=\"og:title\" content=\"Les offres du site officiel du Cord\u00e9lia, r\u00e9servez au meilleur prix.\" \/>\n<meta property=\"og:description\" content=\"D\u00e9couvrez les offres exclusives de l\u2019h\u00f4tel Cord\u00e9lia, o\u00f9 chaque s\u00e9jour se transforme en une exp\u00e9rience inoubliable.\" \/>\n<meta property=\"og:url\" content=\"https:\/\/www.cordelia-paris-hotel.com\/new\/nos-offres\/\" \/>\n<meta property=\"og:site_name\" content=\"H\u00f4tel Cord\u00e9lia\" \/>\n<meta property=\"article:modified_time\" content=\"2025-12-14T17:53:25+00:00\" \/>\n<meta name=\"twitter:card\" content=\"summary_large_image\" \/>\n<meta name=\"twitter:label1\" content=\"Dur\u00e9e de lecture estim\u00e9e\" \/>\n\t<meta name=\"twitter:data1\" content=\"9 minutes\" \/>\n<script type=\"application\/ld+json\" class=\"yoast-schema-graph\">{\"@context\":\"https:\\\/\\\/schema.org\",\"@graph\":[{\"@type\":\"WebPage\",\"@id\":\"https:\\\/\\\/www.cordelia-paris-hotel.com\\\/new\\\/nos-offres\\\/\",\"url\":\"https:\\\/\\\/www.cordelia-paris-hotel.com\\\/new\\\/nos-offres\\\/\",\"name\":\"Les offres du site officiel du Cord\u00e9lia, r\u00e9servez au meilleur prix.\",\"isPartOf\":{\"@id\":\"https:\\\/\\\/www.cordelia-paris-hotel.com\\\/new\\\/#website\"},\"datePublished\":\"2024-12-02T15:53:57+00:00\",\"dateModified\":\"2025-12-14T17:53:25+00:00\",\"description\":\"D\u00e9couvrez les offres exclusives de l\u2019h\u00f4tel Cord\u00e9lia, o\u00f9 chaque s\u00e9jour se transforme en une exp\u00e9rience inoubliable.\",\"breadcrumb\":{\"@id\":\"https:\\\/\\\/www.cordelia-paris-hotel.com\\\/new\\\/nos-offres\\\/#breadcrumb\"},\"inLanguage\":\"fr-FR\",\"potentialAction\":[{\"@type\":\"ReadAction\",\"target\":[\"https:\\\/\\\/www.cordelia-paris-hotel.com\\\/new\\\/nos-offres\\\/\"]}]},{\"@type\":\"BreadcrumbList\",\"@id\":\"https:\\\/\\\/www.cordelia-paris-hotel.com\\\/new\\\/nos-offres\\\/#breadcrumb\",\"itemListElement\":[{\"@type\":\"ListItem\",\"position\":1,\"name\":\"Accueil\",\"item\":\"https:\\\/\\\/www.cordelia-paris-hotel.com\\\/new\\\/\"},{\"@type\":\"ListItem\",\"position\":2,\"name\":\"Nos offres\"}]},{\"@type\":\"WebSite\",\"@id\":\"https:\\\/\\\/www.cordelia-paris-hotel.com\\\/new\\\/#website\",\"url\":\"https:\\\/\\\/www.cordelia-paris-hotel.com\\\/new\\\/\",\"name\":\"H\u00f4tel Cord\u00e9lia\",\"description\":\"\",\"potentialAction\":[{\"@type\":\"SearchAction\",\"target\":{\"@type\":\"EntryPoint\",\"urlTemplate\":\"https:\\\/\\\/www.cordelia-paris-hotel.com\\\/new\\\/?s={search_term_string}\"},\"query-input\":{\"@type\":\"PropertyValueSpecification\",\"valueRequired\":true,\"valueName\":\"search_term_string\"}}],\"inLanguage\":\"fr-FR\"}]}<\/script>\n<!-- \/ Yoast SEO plugin. -->","yoast_head_json":{"title":"Les offres du site officiel du Cord\u00e9lia, r\u00e9servez au meilleur prix.","description":"D\u00e9couvrez les offres exclusives de l\u2019h\u00f4tel Cord\u00e9lia, o\u00f9 chaque s\u00e9jour se transforme en une exp\u00e9rience inoubliable.","robots":{"index":"noindex","follow":"follow","max-snippet":"max-snippet:-1","max-image-preview":"max-image-preview:large","max-video-preview":"max-video-preview:-1"},"og_locale":"fr_FR","og_type":"article","og_title":"Les offres du site officiel du Cord\u00e9lia, r\u00e9servez au meilleur prix.","og_description":"D\u00e9couvrez les offres exclusives de l\u2019h\u00f4tel Cord\u00e9lia, o\u00f9 chaque s\u00e9jour se transforme en une exp\u00e9rience inoubliable.","og_url":"https:\/\/www.cordelia-paris-hotel.com\/new\/nos-offres\/","og_site_name":"H\u00f4tel Cord\u00e9lia","article_modified_time":"2025-12-14T17:53:25+00:00","twitter_card":"summary_large_image","twitter_misc":{"Dur\u00e9e de lecture estim\u00e9e":"9 minutes"},"schema":{"@context":"https:\/\/schema.org","@graph":[{"@type":"WebPage","@id":"https:\/\/www.cordelia-paris-hotel.com\/new\/nos-offres\/","url":"https:\/\/www.cordelia-paris-hotel.com\/new\/nos-offres\/","name":"Les offres du site officiel du Cord\u00e9lia, r\u00e9servez au meilleur prix.","isPartOf":{"@id":"https:\/\/www.cordelia-paris-hotel.com\/new\/#website"},"datePublished":"2024-12-02T15:53:57+00:00","dateModified":"2025-12-14T17:53:25+00:00","description":"D\u00e9couvrez les offres exclusives de l\u2019h\u00f4tel Cord\u00e9lia, o\u00f9 chaque s\u00e9jour se transforme en une exp\u00e9rience inoubliable.","breadcrumb":{"@id":"https:\/\/www.cordelia-paris-hotel.com\/new\/nos-offres\/#breadcrumb"},"inLanguage":"fr-FR","potentialAction":[{"@type":"ReadAction","target":["https:\/\/www.cordelia-paris-hotel.com\/new\/nos-offres\/"]}]},{"@type":"BreadcrumbList","@id":"https:\/\/www.cordelia-paris-hotel.com\/new\/nos-offres\/#breadcrumb","itemListElement":[{"@type":"ListItem","position":1,"name":"Accueil","item":"https:\/\/www.cordelia-paris-hotel.com\/new\/"},{"@type":"ListItem","position":2,"name":"Nos offres"}]},{"@type":"WebSite","@id":"https:\/\/www.cordelia-paris-hotel.com\/new\/#website","url":"https:\/\/www.cordelia-paris-hotel.com\/new\/","name":"H\u00f4tel Cord\u00e9lia","description":"","potentialAction":[{"@type":"SearchAction","target":{"@type":"EntryPoint","urlTemplate":"https:\/\/www.cordelia-paris-hotel.com\/new\/?s={search_term_string}"},"query-input":{"@type":"PropertyValueSpecification","valueRequired":true,"valueName":"search_term_string"}}],"inLanguage":"fr-FR"}]}},"_links":{"self":[{"href":"https:\/\/www.cordelia-paris-hotel.com\/new\/wp-json\/wp\/v2\/pages\/895","targetHints":{"allow":["GET"]}}],"collection":[{"href":"https:\/\/www.cordelia-paris-hotel.com\/new\/wp-json\/wp\/v2\/pages"}],"about":[{"href":"https:\/\/www.cordelia-paris-hotel.com\/new\/wp-json\/wp\/v2\/types\/page"}],"author":[{"embeddable":true,"href":"https:\/\/www.cordelia-paris-hotel.com\/new\/wp-json\/wp\/v2\/users\/1"}],"replies":[{"embeddable":true,"href":"https:\/\/www.cordelia-paris-hotel.com\/new\/wp-json\/wp\/v2\/comments?post=895"}],"version-history":[{"count":56,"href":"https:\/\/www.cordelia-paris-hotel.com\/new\/wp-json\/wp\/v2\/pages\/895\/revisions"}],"predecessor-version":[{"id":3161,"href":"https:\/\/www.cordelia-paris-hotel.com\/new\/wp-json\/wp\/v2\/pages\/895\/revisions\/3161"}],"wp:attachment":[{"href":"https:\/\/www.cordelia-paris-hotel.com\/new\/wp-json\/wp\/v2\/media?parent=895"}],"curies":[{"name":"wp","href":"https:\/\/api.w.org\/{rel}","templated":true}]}}