{"id":2944,"date":"2025-12-08T14:32:05","date_gmt":"2025-12-08T13:32:05","guid":{"rendered":"https:\/\/www.cordelia-paris-hotel.com\/new\/?page_id=2944"},"modified":"2026-01-05T16:32:17","modified_gmt":"2026-01-05T15:32:17","slug":"news","status":"publish","type":"page","link":"https:\/\/www.cordelia-paris-hotel.com\/new\/news\/","title":{"rendered":"News"},"content":{"rendered":"\n\n  <div class=\"banner has-hover\" id=\"banner-1931872696\">\n          <div class=\"banner-inner fill\">\n        <div class=\"banner-bg fill\" >\n            <img fetchpriority=\"high\" decoding=\"async\" width=\"1920\" height=\"1285\" src=\"https:\/\/www.cordelia-paris-hotel.com\/new\/wp-content\/uploads\/2025\/11\/quartier-3W8A3893-hotel-cordelia-md.jpg\" class=\"bg attachment-original size-original\" alt=\"Sortir \u00e0 proximit\u00e9 de l&#039;h\u00f4tel Cord\u00e9lia\" \/>                        <div class=\"overlay\"><\/div>            \n                    <\/div>\n\t\t\n        <div class=\"banner-layers container\">\n            <div class=\"fill banner-link\"><\/div>            \n\n   <div id=\"text-box-1910264342\" class=\"text-box banner-layer x5 md-x1 lg-x1 y95 md-y90 lg-y90 res-text\">\n              <div data-parallax=\"-1\" data-parallax-fade=\"true\">       <div data-animate=\"bounceIn\">           <div class=\"text-box-content text dark\">\n              \n              <div class=\"text-inner text-center\">\n                  \n\n\t<div id=\"text-2522806512\" class=\"text\">\n\t\t\n\n<h1 class=\"titre-rooms\">News<\/h1>\n\t\t\n<style>\n#text-2522806512 {\n  text-align: left;\n}\n<\/style>\n\t<\/div>\n\t\n\n              <\/div>\n           <\/div>\n       <\/div>       <\/div>              \n<style>\n#text-box-1910264342 {\n  width: 80%;\n}\n#text-box-1910264342 .text-box-content {\n  font-size: 100%;\n}\n@media (min-width:550px) {\n  #text-box-1910264342 {\n    width: 70%;\n  }\n}\n@media (min-width:850px) {\n  #text-box-1910264342 {\n    width: 100%;\n  }\n}\n<\/style>\n    <\/div>\n \n\n        <\/div>\n      <\/div>\n\n            \n<style>\n#banner-1931872696 {\n  padding-top: 262px;\n}\n#banner-1931872696 .overlay {\n  background-color: rgba(0,0,0,.5);\n}\n#banner-1931872696 .banner-bg img {\n  object-position: 50% 70%;\n}\n@media (min-width:550px) {\n  #banner-1931872696 {\n    padding-top: 56.25%;\n  }\n}\n@media (min-width:850px) {\n  #banner-1931872696 {\n    padding-top: 500px;\n  }\n}\n<\/style>\n  <\/div>\n\n\n<div class=\"row row-large align-center\"  id=\"row-602763459\">\n\n\n\t<div id=\"col-1389366056\" class=\"col medium-10 small-12 large-12\"  >\n\t\t\t\t<div class=\"col-inner text-center\"  >\n\t\t\t\n\t\t\t\n\n<h2 style=\"text-align: center;\">Retrouvez les actualit\u00e9s de<br \/><span>l&rsquo;H\u00f4tel Cord\u00e9lia !<\/span><\/h2>\n\n  \n    <div class=\"row bloc-news large-columns-3 medium-columns-2 small-columns-1\" >\n  <div class=\"col post-item\" >\n\t\t\t<div class=\"col-inner\">\n\t\t\t\t<div class=\"box box-normal box-text-bottom box-blog-post has-hover\">\n            \t\t\t\t\t<div class=\"box-image\" >\n  \t\t\t\t\t\t<div class=\"image-cover\" style=\"padding-top:75%;\">\n\t\t\t\t\t\t\t<a href=\"https:\/\/www.cordelia-paris-hotel.com\/new\/un-emplacement-ideal\/\" class=\"plain\" aria-label=\"Un emplacement id\u00e9al\">\n\t\t\t\t\t\t\t\t<img decoding=\"async\" width=\"300\" height=\"200\" src=\"https:\/\/www.cordelia-paris-hotel.com\/new\/wp-content\/uploads\/2025\/10\/autour-hotel-2-300x200.jpg\" class=\"attachment-medium size-medium wp-post-image\" alt=\"Place de la Concorde\" srcset=\"https:\/\/www.cordelia-paris-hotel.com\/new\/wp-content\/uploads\/2025\/10\/autour-hotel-2-300x200.jpg 300w, https:\/\/www.cordelia-paris-hotel.com\/new\/wp-content\/uploads\/2025\/10\/autour-hotel-2-1024x683.jpg 1024w, https:\/\/www.cordelia-paris-hotel.com\/new\/wp-content\/uploads\/2025\/10\/autour-hotel-2-768x512.jpg 768w, https:\/\/www.cordelia-paris-hotel.com\/new\/wp-content\/uploads\/2025\/10\/autour-hotel-2-1536x1024.jpg 1536w, https:\/\/www.cordelia-paris-hotel.com\/new\/wp-content\/uploads\/2025\/10\/autour-hotel-2.jpg 1920w\" sizes=\"(max-width: 300px) 100vw, 300px\" \/>\t\t\t\t\t\t\t<\/a>\n  \t\t\t\t\t\t\t  \t\t\t\t\t\t\t  \t\t\t\t\t\t<\/div>\n  \t\t\t\t\t\t  \t\t\t\t\t<\/div>\n          \t\t\t\t\t<div class=\"box-text text-center\" >\n\t\t\t\t\t<div class=\"box-text-inner blog-post-inner\">\n\n\t\t\t\t\t\n\t\t\t\t\t\t\t\t\t\t<h5 class=\"post-title is-large \">\n\t\t\t\t\t\t<a href=\"https:\/\/www.cordelia-paris-hotel.com\/new\/un-emplacement-ideal\/\" class=\"plain\">Un emplacement id\u00e9al<\/a>\n\t\t\t\t\t<\/h5>\n\t\t\t\t\t\t\t\t\t\t<div class=\"is-divider\"><\/div>\n\t\t\t\t\t\t\t\t\t\t<p class=\"from_the_blog_excerpt \">\n\t\t\t\t\t\t\t\t\t\t\t<\/p>\n\t\t\t\t\t                    \n\t\t\t\t\t\t\t\t\t\t\t<a href=\"https:\/\/www.cordelia-paris-hotel.com\/new\/un-emplacement-ideal\/\" class=\"button primary is-link is-large mb-0\">\n\t\t\t\t\t\t\tLire l'article\t\t\t\t\t\t<\/a>\n\t\t\t\t\t\n\t\t\t\t\t\n\t\t\t\t\t<\/div>\n\t\t\t\t\t<\/div>\n\t\t\t\t\t\t\t\t\t<\/div>\n\t\t\t<\/div>\n\t\t<\/div><div class=\"col post-item\" >\n\t\t\t<div class=\"col-inner\">\n\t\t\t\t<div class=\"box box-normal box-text-bottom box-blog-post has-hover\">\n            \t\t\t\t\t<div class=\"box-image\" >\n  \t\t\t\t\t\t<div class=\"image-cover\" style=\"padding-top:75%;\">\n\t\t\t\t\t\t\t<a href=\"https:\/\/www.cordelia-paris-hotel.com\/new\/a-propos-de-lhotel-cordelia\/\" class=\"plain\" aria-label=\"\u00c0 propos de l\u2019H\u00f4tel Cord\u00e9lia\">\n\t\t\t\t\t\t\t\t<img decoding=\"async\" width=\"300\" height=\"200\" src=\"https:\/\/www.cordelia-paris-hotel.com\/new\/wp-content\/uploads\/2025\/10\/article-Salon-canape-raye-300x200.jpg\" class=\"attachment-medium size-medium wp-post-image\" alt=\"Salon de l&#039;H\u00f4tel Cord\u00e9lia Paris\" srcset=\"https:\/\/www.cordelia-paris-hotel.com\/new\/wp-content\/uploads\/2025\/10\/article-Salon-canape-raye-300x200.jpg 300w, https:\/\/www.cordelia-paris-hotel.com\/new\/wp-content\/uploads\/2025\/10\/article-Salon-canape-raye-1024x683.jpg 1024w, https:\/\/www.cordelia-paris-hotel.com\/new\/wp-content\/uploads\/2025\/10\/article-Salon-canape-raye-768x512.jpg 768w, https:\/\/www.cordelia-paris-hotel.com\/new\/wp-content\/uploads\/2025\/10\/article-Salon-canape-raye-1536x1024.jpg 1536w, https:\/\/www.cordelia-paris-hotel.com\/new\/wp-content\/uploads\/2025\/10\/article-Salon-canape-raye.jpg 1920w\" sizes=\"(max-width: 300px) 100vw, 300px\" \/>\t\t\t\t\t\t\t<\/a>\n  \t\t\t\t\t\t\t  \t\t\t\t\t\t\t  \t\t\t\t\t\t<\/div>\n  \t\t\t\t\t\t  \t\t\t\t\t<\/div>\n          \t\t\t\t\t<div class=\"box-text text-center\" >\n\t\t\t\t\t<div class=\"box-text-inner blog-post-inner\">\n\n\t\t\t\t\t\n\t\t\t\t\t\t\t\t\t\t<h5 class=\"post-title is-large \">\n\t\t\t\t\t\t<a href=\"https:\/\/www.cordelia-paris-hotel.com\/new\/a-propos-de-lhotel-cordelia\/\" class=\"plain\">\u00c0 propos de l\u2019H\u00f4tel Cord\u00e9lia<\/a>\n\t\t\t\t\t<\/h5>\n\t\t\t\t\t\t\t\t\t\t<div class=\"is-divider\"><\/div>\n\t\t\t\t\t\t\t\t\t\t<p class=\"from_the_blog_excerpt \">\n\t\t\t\t\t\t\t\t\t\t\t<\/p>\n\t\t\t\t\t                    \n\t\t\t\t\t\t\t\t\t\t\t<a href=\"https:\/\/www.cordelia-paris-hotel.com\/new\/a-propos-de-lhotel-cordelia\/\" class=\"button primary is-link is-large mb-0\">\n\t\t\t\t\t\t\tLire l'article\t\t\t\t\t\t<\/a>\n\t\t\t\t\t\n\t\t\t\t\t\n\t\t\t\t\t<\/div>\n\t\t\t\t\t<\/div>\n\t\t\t\t\t\t\t\t\t<\/div>\n\t\t\t<\/div>\n\t\t<\/div><\/div>\n\n\n\t\t<\/div>\n\t\t\t\t\n<style>\n#col-1389366056 > .col-inner {\n  padding: 0px 0px 0px 0px;\n  margin: 50px 0px 0px 0px;\n}\n<\/style>\n\t<\/div>\n\n\t\n\n\t<div id=\"col-162363723\" class=\"col small-12 large-12\"  >\n\t\t\t\t<div class=\"col-inner text-center\"  >\n\t\t\t\n\t\t\t\n\n<a href=\"https:\/\/www.secure-hotel-booking.com\/Hotel-Cordelia\/21V3\/dateselection?language=FR\" target=\"_blank\" class=\"button secondary\" rel=\"noopener\"  style=\"border-radius:5px;padding:7px 80px 7px 80px;\">\n\t\t<span>R\u00e9server une chambre<\/span>\n\t<\/a>\n\n\n\n\t\t<\/div>\n\t\t\t\t\t<\/div>\n\n\t\n\n<\/div>\n\n","protected":false},"excerpt":{"rendered":"","protected":false},"author":1,"featured_media":0,"parent":0,"menu_order":0,"comment_status":"closed","ping_status":"closed","template":"page-transparent-header-light.php","meta":{"_acf_changed":false,"footnotes":""},"class_list":["post-2944","page","type-page","status-publish","hentry"],"acf":[],"yoast_head":"<!-- This site is optimized with the Yoast SEO plugin v27.4 - https:\/\/yoast.com\/product\/yoast-seo-wordpress\/ -->\n<title>Les derni\u00e8res news de l&#039;h\u00f4tel Cord\u00e9lia Paris<\/title>\n<meta name=\"description\" content=\"Retrouvez les derni\u00e8res actualit\u00e9s de l&#039;h\u00f4tel Cord\u00e9lia, ainsi que des id\u00e9es sorties, spectacles, restaurant que nous vous conseillons.\" \/>\n<meta name=\"robots\" content=\"noindex, follow, max-snippet:-1, max-image-preview:large, max-video-preview:-1\" \/>\n<meta property=\"og:locale\" content=\"fr_FR\" \/>\n<meta property=\"og:type\" content=\"article\" \/>\n<meta property=\"og:title\" content=\"Les derni\u00e8res news de l&#039;h\u00f4tel Cord\u00e9lia Paris\" \/>\n<meta property=\"og:description\" content=\"Retrouvez les derni\u00e8res actualit\u00e9s de l&#039;h\u00f4tel Cord\u00e9lia, ainsi que des id\u00e9es sorties, spectacles, restaurant que nous vous conseillons.\" \/>\n<meta property=\"og:url\" content=\"https:\/\/www.cordelia-paris-hotel.com\/new\/news\/\" \/>\n<meta property=\"og:site_name\" content=\"H\u00f4tel Cord\u00e9lia\" \/>\n<meta property=\"article:modified_time\" content=\"2026-01-05T15:32:17+00:00\" \/>\n<meta name=\"twitter:card\" content=\"summary_large_image\" \/>\n<meta name=\"twitter:label1\" content=\"Dur\u00e9e de lecture estim\u00e9e\" \/>\n\t<meta name=\"twitter:data1\" content=\"1 minute\" \/>\n<script type=\"application\/ld+json\" class=\"yoast-schema-graph\">{\"@context\":\"https:\\\/\\\/schema.org\",\"@graph\":[{\"@type\":\"WebPage\",\"@id\":\"https:\\\/\\\/www.cordelia-paris-hotel.com\\\/new\\\/news\\\/\",\"url\":\"https:\\\/\\\/www.cordelia-paris-hotel.com\\\/new\\\/news\\\/\",\"name\":\"Les derni\u00e8res news de l'h\u00f4tel Cord\u00e9lia Paris\",\"isPartOf\":{\"@id\":\"https:\\\/\\\/www.cordelia-paris-hotel.com\\\/new\\\/#website\"},\"datePublished\":\"2025-12-08T13:32:05+00:00\",\"dateModified\":\"2026-01-05T15:32:17+00:00\",\"description\":\"Retrouvez les derni\u00e8res actualit\u00e9s de l'h\u00f4tel Cord\u00e9lia, ainsi que des id\u00e9es sorties, spectacles, restaurant que nous vous conseillons.\",\"breadcrumb\":{\"@id\":\"https:\\\/\\\/www.cordelia-paris-hotel.com\\\/new\\\/news\\\/#breadcrumb\"},\"inLanguage\":\"fr-FR\",\"potentialAction\":[{\"@type\":\"ReadAction\",\"target\":[\"https:\\\/\\\/www.cordelia-paris-hotel.com\\\/new\\\/news\\\/\"]}]},{\"@type\":\"BreadcrumbList\",\"@id\":\"https:\\\/\\\/www.cordelia-paris-hotel.com\\\/new\\\/news\\\/#breadcrumb\",\"itemListElement\":[{\"@type\":\"ListItem\",\"position\":1,\"name\":\"Accueil\",\"item\":\"https:\\\/\\\/www.cordelia-paris-hotel.com\\\/new\\\/\"},{\"@type\":\"ListItem\",\"position\":2,\"name\":\"News\"}]},{\"@type\":\"WebSite\",\"@id\":\"https:\\\/\\\/www.cordelia-paris-hotel.com\\\/new\\\/#website\",\"url\":\"https:\\\/\\\/www.cordelia-paris-hotel.com\\\/new\\\/\",\"name\":\"H\u00f4tel Cord\u00e9lia\",\"description\":\"\",\"potentialAction\":[{\"@type\":\"SearchAction\",\"target\":{\"@type\":\"EntryPoint\",\"urlTemplate\":\"https:\\\/\\\/www.cordelia-paris-hotel.com\\\/new\\\/?s={search_term_string}\"},\"query-input\":{\"@type\":\"PropertyValueSpecification\",\"valueRequired\":true,\"valueName\":\"search_term_string\"}}],\"inLanguage\":\"fr-FR\"}]}<\/script>\n<!-- \/ Yoast SEO plugin. -->","yoast_head_json":{"title":"Les derni\u00e8res news de l'h\u00f4tel Cord\u00e9lia Paris","description":"Retrouvez les derni\u00e8res actualit\u00e9s de l'h\u00f4tel Cord\u00e9lia, ainsi que des id\u00e9es sorties, spectacles, restaurant que nous vous conseillons.","robots":{"index":"noindex","follow":"follow","max-snippet":"max-snippet:-1","max-image-preview":"max-image-preview:large","max-video-preview":"max-video-preview:-1"},"og_locale":"fr_FR","og_type":"article","og_title":"Les derni\u00e8res news de l'h\u00f4tel Cord\u00e9lia Paris","og_description":"Retrouvez les derni\u00e8res actualit\u00e9s de l'h\u00f4tel Cord\u00e9lia, ainsi que des id\u00e9es sorties, spectacles, restaurant que nous vous conseillons.","og_url":"https:\/\/www.cordelia-paris-hotel.com\/new\/news\/","og_site_name":"H\u00f4tel Cord\u00e9lia","article_modified_time":"2026-01-05T15:32:17+00:00","twitter_card":"summary_large_image","twitter_misc":{"Dur\u00e9e de lecture estim\u00e9e":"1 minute"},"schema":{"@context":"https:\/\/schema.org","@graph":[{"@type":"WebPage","@id":"https:\/\/www.cordelia-paris-hotel.com\/new\/news\/","url":"https:\/\/www.cordelia-paris-hotel.com\/new\/news\/","name":"Les derni\u00e8res news de l'h\u00f4tel Cord\u00e9lia Paris","isPartOf":{"@id":"https:\/\/www.cordelia-paris-hotel.com\/new\/#website"},"datePublished":"2025-12-08T13:32:05+00:00","dateModified":"2026-01-05T15:32:17+00:00","description":"Retrouvez les derni\u00e8res actualit\u00e9s de l'h\u00f4tel Cord\u00e9lia, ainsi que des id\u00e9es sorties, spectacles, restaurant que nous vous conseillons.","breadcrumb":{"@id":"https:\/\/www.cordelia-paris-hotel.com\/new\/news\/#breadcrumb"},"inLanguage":"fr-FR","potentialAction":[{"@type":"ReadAction","target":["https:\/\/www.cordelia-paris-hotel.com\/new\/news\/"]}]},{"@type":"BreadcrumbList","@id":"https:\/\/www.cordelia-paris-hotel.com\/new\/news\/#breadcrumb","itemListElement":[{"@type":"ListItem","position":1,"name":"Accueil","item":"https:\/\/www.cordelia-paris-hotel.com\/new\/"},{"@type":"ListItem","position":2,"name":"News"}]},{"@type":"WebSite","@id":"https:\/\/www.cordelia-paris-hotel.com\/new\/#website","url":"https:\/\/www.cordelia-paris-hotel.com\/new\/","name":"H\u00f4tel Cord\u00e9lia","description":"","potentialAction":[{"@type":"SearchAction","target":{"@type":"EntryPoint","urlTemplate":"https:\/\/www.cordelia-paris-hotel.com\/new\/?s={search_term_string}"},"query-input":{"@type":"PropertyValueSpecification","valueRequired":true,"valueName":"search_term_string"}}],"inLanguage":"fr-FR"}]}},"_links":{"self":[{"href":"https:\/\/www.cordelia-paris-hotel.com\/new\/wp-json\/wp\/v2\/pages\/2944","targetHints":{"allow":["GET"]}}],"collection":[{"href":"https:\/\/www.cordelia-paris-hotel.com\/new\/wp-json\/wp\/v2\/pages"}],"about":[{"href":"https:\/\/www.cordelia-paris-hotel.com\/new\/wp-json\/wp\/v2\/types\/page"}],"author":[{"embeddable":true,"href":"https:\/\/www.cordelia-paris-hotel.com\/new\/wp-json\/wp\/v2\/users\/1"}],"replies":[{"embeddable":true,"href":"https:\/\/www.cordelia-paris-hotel.com\/new\/wp-json\/wp\/v2\/comments?post=2944"}],"version-history":[{"count":9,"href":"https:\/\/www.cordelia-paris-hotel.com\/new\/wp-json\/wp\/v2\/pages\/2944\/revisions"}],"predecessor-version":[{"id":3179,"href":"https:\/\/www.cordelia-paris-hotel.com\/new\/wp-json\/wp\/v2\/pages\/2944\/revisions\/3179"}],"wp:attachment":[{"href":"https:\/\/www.cordelia-paris-hotel.com\/new\/wp-json\/wp\/v2\/media?parent=2944"}],"curies":[{"name":"wp","href":"https:\/\/api.w.org\/{rel}","templated":true}]}}