{"id":2098,"date":"2025-10-06T11:15:43","date_gmt":"2025-10-06T09:15:43","guid":{"rendered":"https:\/\/www.cordelia-paris-hotel.com\/new\/?page_id=2098"},"modified":"2025-10-13T18:00:59","modified_gmt":"2025-10-13T16:00:59","slug":"legal-notices","status":"publish","type":"page","link":"https:\/\/www.cordelia-paris-hotel.com\/new\/legal-notices\/","title":{"rendered":"Legal Notices"},"content":{"rendered":"\n\n\t<section class=\"section\" id=\"section_1076836188\">\n\t\t<div class=\"section-bg fill\" >\n\t\t\t\t\t\t\t\t\t\n\t\t\t\n\n\t\t<\/div>\n\n\t\t\n\n\t\t<div class=\"section-content relative\">\n\t\t\t\n\n\n  <div class=\"banner has-hover\" id=\"banner-1884030004\">\n          <div class=\"banner-inner fill\">\n        <div class=\"banner-bg fill\" >\n            <img fetchpriority=\"high\" decoding=\"async\" width=\"1772\" height=\"1181\" src=\"https:\/\/www.cordelia-paris-hotel.com\/new\/wp-content\/uploads\/2025\/03\/plus-Accueil-24h-24h.jpg\" class=\"bg attachment-original size-original\" alt=\"\" \/>                                    \n                    <\/div>\n\t\t\n        <div class=\"banner-layers container\">\n            <div class=\"fill banner-link\"><\/div>            \n\n   <div id=\"text-box-1491259831\" class=\"text-box banner-layer x1 md-x1 lg-x1 y90 md-y90 lg-y90 res-text\">\n                     <div data-animate=\"bounceIn\">           <div class=\"text-box-content text dark\">\n              \n              <div class=\"text-inner text-center\">\n                  \n\n\t<div id=\"text-249919439\" class=\"text\">\n\t\t\n\n<h1 class=\"titre-rooms\">Mentions L\u00e9gales<\/h1>\n\t\t\n<style>\n#text-249919439 {\n  text-align: left;\n}\n<\/style>\n\t<\/div>\n\t\n\n              <\/div>\n           <\/div>\n       <\/div>                     \n<style>\n#text-box-1491259831 {\n  width: 100%;\n}\n#text-box-1491259831 .text-box-content {\n  font-size: 100%;\n}\n<\/style>\n    <\/div>\n \n\n        <\/div>\n      <\/div>\n\n            \n<style>\n#banner-1884030004 {\n  padding-top: 500px;\n}\n<\/style>\n  <\/div>\n\n\n\n\t\t<\/div>\n\n\t\t\n<style>\n#section_1076836188 {\n  padding-top: 0px;\n  padding-bottom: 0px;\n}\n<\/style>\n\t<\/section>\n\t\n\n\t<section class=\"section\" id=\"section_1936743050\">\n\t\t<div class=\"section-bg fill\" >\n\t\t\t\t\t\t\t\t\t\n\t\t\t\n\n\t\t<\/div>\n\n\t\t\n\n\t\t<div class=\"section-content relative\">\n\t\t\t\n\n<div class=\"row\"  id=\"row-553236985\">\n\n\n\t<div id=\"col-1122741411\" class=\"col small-12 large-12\"  >\n\t\t\t\t<div class=\"col-inner\"  >\n\t\t\t\n\t\t\t\n\n<div class=\"content-titres\">\u00a0<\/div>\n<div class=\"col-md-9\">\n<p style=\"text-align: left;\">Site : http:\/\/www.cordelia-paris-hotel.com<\/p>\n<p style=\"text-align: left;\"><span style=\"text-transform: uppercase;\">H\u00f4tel Cord\u00e9lia<\/span><br \/>11 RUE DE GREFFULHE<br \/>75008 PARIS<\/p>\n<p style=\"text-align: left;\">TEL : 00 33 (0) 1 42 65 42 40<br \/>Email :\u00a0<a href=\"mailto:contact@cordelia-paris-hotel.com\">contact@cordelia-paris-hotel.com<\/a><\/p>\n<ul>\n<li style=\"font-size: 25px; text-align: left;\">N\u00b0 RCS\u00a0: A2 DEVELOPPEMENT SARL au capital de 8\u00a0000 \u20ac<\/li>\n<li style=\"font-size: 25px; text-align: left;\">Siren\u00a0: 332 360 981 000 10<\/li>\n<li style=\"font-size: 25px; text-align: left;\">APE\u00a0: 510Z<\/li>\n<li style=\"font-size: 25px; text-align: left;\">N\u00b0 TVA Intracommunautaire\u00a0: FR 70\u00a0332\u00a0360\u00a0981<\/li>\n<\/ul>\n<p>L\u2019<span style=\"text-transform: uppercase;\">H\u00f4tel Cord\u00e9lia<\/span> attire l\u2019attention des personnes qui consultent<br \/>ou utilisent son site sur les point suivants :<\/p>\n<p><strong>Loi Informatique et Libert\u00e9s<\/strong><br \/>Conform\u00e9ment \u00e0 la Loi Informatique et Libert\u00e9s, vous disposez d&rsquo;un droit d&rsquo;acc\u00e8s, de modification, de rectification et de suppression des donn\u00e9es \u00e0 caract\u00e8re personnel qui vous concernent (article 394 de la Loi Informatique et Libert\u00e9s du 6 janvier 1978 modifi\u00e9e en ao\u00fbt 2004).<\/p>\n<p><strong>Acc\u00e8s au site<\/strong><br \/>Il est rappel\u00e9 que le fait d\u2019acc\u00e9der ou de se maintenir frauduleusement dans un syst\u00e8me informatique, d\u2019entraver ou de fausser le fonctionnement d\u2019un tel syst\u00e8me, d\u2019introduire ou de modifier frauduleusement des donn\u00e9es dans un syst\u00e8me informatique constituent des d\u00e9lits passibles de sanctions p\u00e9nales.<\/p>\n<p><strong>Propri\u00e9t\u00e9 Intellectuelle\u00a0<\/strong><br \/>L\u2019<span style=\"text-transform: uppercase;\">H\u00f4tel Cord\u00e9lia<\/span> est propri\u00e9taire, ou titulaire des droits, de tous les \u00e9l\u00e9ments qui composent ce site notamment les donn\u00e9es, dessins, graphiques, photos, bandes sonores. Toute reproduction, repr\u00e9sentation, diffusion ou rediffusion, totale ou partielle, du contenu de ce site par quelque proc\u00e9d\u00e9 que ce soit sans l\u2019autorisation expresse et pr\u00e9alable de L\u2019<span style=\"text-transform: uppercase;\">H\u00f4tel Cord\u00e9lia<\/span> est interdite, et constituerait une contrefa\u00e7on sanctionn\u00e9e par le Code de la Propri\u00e9t\u00e9 Intellectuelle.<\/p>\n<p><strong>Contenu du site\u00a0<\/strong><br \/>L\u2019<span style=\"text-transform: uppercase;\">H\u00f4tel Cord\u00e9lia<\/span> se r\u00e9serve le droit de corriger, \u00e0 tout moment et sans pr\u00e9avis, le contenu de ce site. En outre, L\u2019<span style=\"text-transform: uppercase;\">H\u00f4tel Cord\u00e9lia<\/span> d\u00e9cline toute responsabilit\u00e9 en cas de retard, d\u2019erreur ou d\u2019omission quant au contenu des pr\u00e9sentes pages de m\u00eame qu\u2019en cas d\u2019interruption ou de non-disponibilit\u00e9 du service.<\/p>\n<p><strong>Traitement automatis\u00e9 d&rsquo;informations nominatives\u00a0<\/strong><br \/>L\u2019<span style=\"text-transform: uppercase;\">H\u00f4tel Cord\u00e9lia<\/span> ne collecte sur les visiteurs de son site aucune autre information nominative ou personnelle que celles qui lui sont ouvertement et volontairement fournies, en particulier par l&rsquo;interm\u00e9diaire des adresses \u00e9lectroniques de ses correspondants.<\/p>\n<p><strong>Liens Hypertextes\u00a0<\/strong><br \/>Le site de L\u2019<span style=\"text-transform: uppercase;\">H\u00f4tel Cord\u00e9lia<\/span> contient des liens hypertextes permettant l\u2019acc\u00e8s \u00e0 des sites qui ne sont pas \u00e9dit\u00e9s par L\u2019<span style=\"text-transform: uppercase;\">H\u00f4tel Cord\u00e9lia<\/span>. En cons\u00e9quence ce dernier ne saurait \u00eatre tenu pour responsable du contenu des sites auxquels l\u2019internaute aurait ainsi acc\u00e8s.<\/p>\n<p><strong>Cookies\u00a0<\/strong><br \/>L\u2019utilisateur est inform\u00e9 que lors de ses visites sur le site, un cookie peut s\u2019installer automatiquement et \u00eatre conserv\u00e9 temporairement en m\u00e9moire ou sur son disque dur. Un cookie est un \u00e9l\u00e9ment qui ne permet pas d\u2019identifier l\u2019utilisateur mais sert \u00e0 enregistrer des informations relatives \u00e0 la navigation de celui-ci sur le site internet. Les utilisateurs du site reconnaissent avoir \u00e9t\u00e9 inform\u00e9s de cette pratique et autorisent L\u2019<span style=\"text-transform: uppercase;\">H\u00f4tel Cord\u00e9lia<\/span> \u00e0 l\u2019employer. Ils pourront d\u00e9sactiver ce cookie par l\u2019interm\u00e9diaire des param\u00e8tres figurant au sein de leur logiciel de navigation.<\/p>\n<p><strong>Politique de confidentialit\u00e9\u00a0<\/strong><br \/>Les informations personnelles que l&rsquo;<span style=\"text-transform: uppercase;\">H\u00f4tel Cord\u00e9lia<\/span> sera amen\u00e9 \u00e0 traiter, et vous concernant,<br \/>r\u00e9sultent de votre d\u00e9marche en vue d\u2019une r\u00e9servation aupr\u00e8s de notre h\u00f4tel, ou en vue de la<br \/>r\u00e9ception par vos soins de documentation.<\/p>\n<p>Ces donn\u00e9es sont n\u00e9cessaires aux traitements suivants :<\/p>\n<ul>\n<li style=\"font-size: 25px;\">R\u00e9ception de documentation sur l\u2019h\u00f4tel et\/ou son groupe\u00a0<\/li>\n<li style=\"font-size: 25px;\">R\u00e9ception d\u2019un suivi via e-mails aux fins d\u2019\u00e9tude de satisfaction et\/ ou de prospection\u00a0<\/li>\n<li style=\"font-size: 25px;\">Am\u00e9lioration de notre suivi et service client\u00a0<\/li>\n<li style=\"font-size: 25px;\">R\u00e9servation d\u2019un service en ligne\u00a0<\/li>\n<li style=\"font-size: 25px;\">Traitement de statistiques\u00a0<\/li>\n<li style=\"font-size: 25px;\">Comptabilit\u00e9 et gestion de notre h\u00f4tel<\/li>\n<\/ul>\n<p>Ces informations ne sont ni vendues ni communiqu\u00e9es \u00e0 des tiers et sont strictement r\u00e9serv\u00e9es aux usages internes d\u00e9crits ci-dessus.<\/p>\n<p>La loi et notamment le R\u00e8glement G\u00e9n\u00e9ral sur la Protection des Donn\u00e9es Personnelles vous donne \u00e0 tout moment le droit de faire modifier les donn\u00e9es vous concernant, de m\u00eame que le droit de vous les faire communiquer, de les effacer ou de les limiter dans le temps en contactant l&rsquo;h\u00f4tel par mail, t\u00e9l\u00e9phone ou courrier :<\/p>\n<p><span style=\"text-transform: uppercase;\">H\u00f4tel Cord\u00e9lia<\/span><br \/>11 RUE DE GREFFULHE<br \/>75008 PARIS<\/p>\n<p>TEL : 00 33 (0) 1 42 65 42 40<br \/>Email :\u00a0<a class=\"liens-marrons\" href=\"mailto:contact@cordelia-paris-hotel.com\">contact@cordelia-paris-hotel.com<\/a><\/p>\n<p><strong>Conditions g\u00e9n\u00e9rales de vente\u00a0<\/strong><br \/>Il est rappel\u00e9 au client , conform\u00e9ment \u00e0 l&rsquo;article L.221-28 du Code de la consommation, qu&rsquo;il ne dispose pas du droit de r\u00e9tractation pr\u00e9vu \u00e0 l&rsquo;article L.221-18 du Code de la consommation.<\/p>\n<p><strong>M\u00e9diation des litiges de la consommation\u00a0<\/strong><br \/>Conform\u00e9ment aux dispositions du Code de la consommation, le client a le droit de recourir gratuitement au service de m\u00e9diation propos\u00e9 par l\u2019<span style=\"text-transform: uppercase;\">H\u00f4tel Cord\u00e9lia<\/span>. Le m\u00e9diateur \u00e0 la consommation ainsi propos\u00e9 est l\u2019AME.<br \/>Il peut \u00eatre saisi :<br \/>&#8211; par Internet :<a href=\"http:\/\/www.mediationconso-ame.com\/\" target=\"_blank\" rel=\"noopener\">www.mediationconso-ame.com<\/a>\u00a0<br \/>&#8211; ou par voie postale (en compl\u00e9tant le formulaire mis \u00e0 disposition sur le site internet): M\u00e9diation \u00e0 la consommation AME- 11 Place Dauphine 75001 Paris<\/p>\n<p>Les consommateurs achetant des produits ou services \u00e0 une entreprise situ\u00e9e dans un pays de l\u2019Union europ\u00e9enne peuvent se faire aider en cas de litige\u00a0:<\/p>\n<p><a href=\"https:\/\/ec.europa.eu\/consumers\/odr\/main\/index.cfm?event=main.home2.show&amp;lng=FF\" target=\"_blank\" rel=\"noopener\">https:\/\/ec.europa.eu\/consumers\/odr\/main\/index.cfm?event=main.home2.show&amp;lng=FF<\/a><\/p>\n<p><strong>Liste d\u2019opposition au d\u00e9marchage t\u00e9l\u00e9phonique<\/strong><br \/>Le consommateur est inform\u00e9 qu\u2019il peut s\u2019inscrire sur la liste d\u2019opposition au d\u00e9marchage t\u00e9l\u00e9phonique (Bloctel).<\/p>\n<\/div>\n\n\t\t<\/div>\n\t\t\t\t\t<\/div>\n\n\t\n\n<\/div>\n\n\t\t<\/div>\n\n\t\t\n<style>\n#section_1936743050 {\n  padding-top: 30px;\n  padding-bottom: 30px;\n}\n<\/style>\n\t<\/section>\n\t\n\n","protected":false},"excerpt":{"rendered":"","protected":false},"author":1,"featured_media":0,"parent":0,"menu_order":0,"comment_status":"closed","ping_status":"closed","template":"page-transparent-header-light.php","meta":{"_acf_changed":false,"footnotes":""},"class_list":["post-2098","page","type-page","status-publish","hentry"],"acf":[],"yoast_head":"<!-- This site is optimized with the Yoast SEO plugin v27.4 - https:\/\/yoast.com\/product\/yoast-seo-wordpress\/ -->\n<title>Legal Notices - H\u00f4tel Cord\u00e9lia<\/title>\n<meta name=\"robots\" content=\"noindex, follow, max-snippet:-1, max-image-preview:large, max-video-preview:-1\" \/>\n<meta property=\"og:locale\" content=\"fr_FR\" \/>\n<meta property=\"og:type\" content=\"article\" \/>\n<meta property=\"og:title\" content=\"Legal Notices - H\u00f4tel Cord\u00e9lia\" \/>\n<meta property=\"og:url\" content=\"https:\/\/www.cordelia-paris-hotel.com\/new\/legal-notices\/\" \/>\n<meta property=\"og:site_name\" content=\"H\u00f4tel Cord\u00e9lia\" \/>\n<meta property=\"article:modified_time\" content=\"2025-10-13T16:00:59+00:00\" \/>\n<meta name=\"twitter:card\" content=\"summary_large_image\" \/>\n<script type=\"application\/ld+json\" class=\"yoast-schema-graph\">{\"@context\":\"https:\\\/\\\/schema.org\",\"@graph\":[{\"@type\":\"WebPage\",\"@id\":\"https:\\\/\\\/www.cordelia-paris-hotel.com\\\/new\\\/legal-notices\\\/\",\"url\":\"https:\\\/\\\/www.cordelia-paris-hotel.com\\\/new\\\/legal-notices\\\/\",\"name\":\"Legal Notices - H\u00f4tel Cord\u00e9lia\",\"isPartOf\":{\"@id\":\"https:\\\/\\\/www.cordelia-paris-hotel.com\\\/new\\\/#website\"},\"datePublished\":\"2025-10-06T09:15:43+00:00\",\"dateModified\":\"2025-10-13T16:00:59+00:00\",\"breadcrumb\":{\"@id\":\"https:\\\/\\\/www.cordelia-paris-hotel.com\\\/new\\\/legal-notices\\\/#breadcrumb\"},\"inLanguage\":\"fr-FR\",\"potentialAction\":[{\"@type\":\"ReadAction\",\"target\":[\"https:\\\/\\\/www.cordelia-paris-hotel.com\\\/new\\\/legal-notices\\\/\"]}]},{\"@type\":\"BreadcrumbList\",\"@id\":\"https:\\\/\\\/www.cordelia-paris-hotel.com\\\/new\\\/legal-notices\\\/#breadcrumb\",\"itemListElement\":[{\"@type\":\"ListItem\",\"position\":1,\"name\":\"Accueil\",\"item\":\"https:\\\/\\\/www.cordelia-paris-hotel.com\\\/new\\\/\"},{\"@type\":\"ListItem\",\"position\":2,\"name\":\"Legal Notices\"}]},{\"@type\":\"WebSite\",\"@id\":\"https:\\\/\\\/www.cordelia-paris-hotel.com\\\/new\\\/#website\",\"url\":\"https:\\\/\\\/www.cordelia-paris-hotel.com\\\/new\\\/\",\"name\":\"H\u00f4tel Cord\u00e9lia\",\"description\":\"\",\"potentialAction\":[{\"@type\":\"SearchAction\",\"target\":{\"@type\":\"EntryPoint\",\"urlTemplate\":\"https:\\\/\\\/www.cordelia-paris-hotel.com\\\/new\\\/?s={search_term_string}\"},\"query-input\":{\"@type\":\"PropertyValueSpecification\",\"valueRequired\":true,\"valueName\":\"search_term_string\"}}],\"inLanguage\":\"fr-FR\"}]}<\/script>\n<!-- \/ Yoast SEO plugin. -->","yoast_head_json":{"title":"Legal Notices - H\u00f4tel Cord\u00e9lia","robots":{"index":"noindex","follow":"follow","max-snippet":"max-snippet:-1","max-image-preview":"max-image-preview:large","max-video-preview":"max-video-preview:-1"},"og_locale":"fr_FR","og_type":"article","og_title":"Legal Notices - H\u00f4tel Cord\u00e9lia","og_url":"https:\/\/www.cordelia-paris-hotel.com\/new\/legal-notices\/","og_site_name":"H\u00f4tel Cord\u00e9lia","article_modified_time":"2025-10-13T16:00:59+00:00","twitter_card":"summary_large_image","schema":{"@context":"https:\/\/schema.org","@graph":[{"@type":"WebPage","@id":"https:\/\/www.cordelia-paris-hotel.com\/new\/legal-notices\/","url":"https:\/\/www.cordelia-paris-hotel.com\/new\/legal-notices\/","name":"Legal Notices - H\u00f4tel Cord\u00e9lia","isPartOf":{"@id":"https:\/\/www.cordelia-paris-hotel.com\/new\/#website"},"datePublished":"2025-10-06T09:15:43+00:00","dateModified":"2025-10-13T16:00:59+00:00","breadcrumb":{"@id":"https:\/\/www.cordelia-paris-hotel.com\/new\/legal-notices\/#breadcrumb"},"inLanguage":"fr-FR","potentialAction":[{"@type":"ReadAction","target":["https:\/\/www.cordelia-paris-hotel.com\/new\/legal-notices\/"]}]},{"@type":"BreadcrumbList","@id":"https:\/\/www.cordelia-paris-hotel.com\/new\/legal-notices\/#breadcrumb","itemListElement":[{"@type":"ListItem","position":1,"name":"Accueil","item":"https:\/\/www.cordelia-paris-hotel.com\/new\/"},{"@type":"ListItem","position":2,"name":"Legal Notices"}]},{"@type":"WebSite","@id":"https:\/\/www.cordelia-paris-hotel.com\/new\/#website","url":"https:\/\/www.cordelia-paris-hotel.com\/new\/","name":"H\u00f4tel Cord\u00e9lia","description":"","potentialAction":[{"@type":"SearchAction","target":{"@type":"EntryPoint","urlTemplate":"https:\/\/www.cordelia-paris-hotel.com\/new\/?s={search_term_string}"},"query-input":{"@type":"PropertyValueSpecification","valueRequired":true,"valueName":"search_term_string"}}],"inLanguage":"fr-FR"}]}},"_links":{"self":[{"href":"https:\/\/www.cordelia-paris-hotel.com\/new\/wp-json\/wp\/v2\/pages\/2098","targetHints":{"allow":["GET"]}}],"collection":[{"href":"https:\/\/www.cordelia-paris-hotel.com\/new\/wp-json\/wp\/v2\/pages"}],"about":[{"href":"https:\/\/www.cordelia-paris-hotel.com\/new\/wp-json\/wp\/v2\/types\/page"}],"author":[{"embeddable":true,"href":"https:\/\/www.cordelia-paris-hotel.com\/new\/wp-json\/wp\/v2\/users\/1"}],"replies":[{"embeddable":true,"href":"https:\/\/www.cordelia-paris-hotel.com\/new\/wp-json\/wp\/v2\/comments?post=2098"}],"version-history":[{"count":23,"href":"https:\/\/www.cordelia-paris-hotel.com\/new\/wp-json\/wp\/v2\/pages\/2098\/revisions"}],"predecessor-version":[{"id":2455,"href":"https:\/\/www.cordelia-paris-hotel.com\/new\/wp-json\/wp\/v2\/pages\/2098\/revisions\/2455"}],"wp:attachment":[{"href":"https:\/\/www.cordelia-paris-hotel.com\/new\/wp-json\/wp\/v2\/media?parent=2098"}],"curies":[{"name":"wp","href":"https:\/\/api.w.org\/{rel}","templated":true}]}}