{"id":2946,"date":"2025-12-08T14:32:05","date_gmt":"2025-12-08T13:32:05","guid":{"rendered":"https:\/\/www.cordelia-paris-hotel.com\/new\/?page_id=2946"},"modified":"2026-01-05T16:34:42","modified_gmt":"2026-01-05T15:34:42","slug":"noticias","status":"publish","type":"page","link":"https:\/\/www.cordelia-paris-hotel.com\/new\/es\/noticias\/","title":{"rendered":"Noticias"},"content":{"rendered":"\n\n  <div class=\"banner has-hover\" id=\"banner-408083950\">\n          <div class=\"banner-inner fill\">\n        <div class=\"banner-bg fill\" >\n            <img fetchpriority=\"high\" decoding=\"async\" width=\"1920\" height=\"1285\" src=\"https:\/\/www.cordelia-paris-hotel.com\/new\/wp-content\/uploads\/2025\/11\/quartier-3W8A3893-hotel-cordelia-md.jpg\" class=\"bg attachment-original size-original\" alt=\"Sortir \u00e0 proximit\u00e9 de l&#039;h\u00f4tel Cord\u00e9lia\" \/>                        <div class=\"overlay\"><\/div>            \n                    <\/div>\n\t\t\n        <div class=\"banner-layers container\">\n            <div class=\"fill banner-link\"><\/div>            \n\n   <div id=\"text-box-425683042\" class=\"text-box banner-layer x5 md-x1 lg-x1 y95 md-y90 lg-y90 res-text\">\n              <div data-parallax=\"-1\" data-parallax-fade=\"true\">       <div data-animate=\"bounceIn\">           <div class=\"text-box-content text dark\">\n              \n              <div class=\"text-inner text-center\">\n                  \n\n\t<div id=\"text-4043018933\" class=\"text\">\n\t\t\n\n<h1 class=\"titre-rooms\">Noticias<\/h1>\n\t\t\n<style>\n#text-4043018933 {\n  text-align: left;\n}\n<\/style>\n\t<\/div>\n\t\n\n              <\/div>\n           <\/div>\n       <\/div>       <\/div>              \n<style>\n#text-box-425683042 {\n  width: 80%;\n}\n#text-box-425683042 .text-box-content {\n  font-size: 100%;\n}\n@media (min-width:550px) {\n  #text-box-425683042 {\n    width: 70%;\n  }\n}\n@media (min-width:850px) {\n  #text-box-425683042 {\n    width: 100%;\n  }\n}\n<\/style>\n    <\/div>\n \n\n        <\/div>\n      <\/div>\n\n            \n<style>\n#banner-408083950 {\n  padding-top: 262px;\n}\n#banner-408083950 .overlay {\n  background-color: rgba(0,0,0,.5);\n}\n#banner-408083950 .banner-bg img {\n  object-position: 50% 70%;\n}\n@media (min-width:550px) {\n  #banner-408083950 {\n    padding-top: 56.25%;\n  }\n}\n@media (min-width:850px) {\n  #banner-408083950 {\n    padding-top: 500px;\n  }\n}\n<\/style>\n  <\/div>\n\n\n<div class=\"row row-large align-center\"  id=\"row-631406240\">\n\n\n\t<div id=\"col-1617797372\" class=\"col medium-10 small-12 large-12\"  >\n\t\t\t\t<div class=\"col-inner text-center\"  >\n\t\t\t\n\t\t\t\n\n<h2 style=text-align:center;\">\u00a1Encuentra las \u00faltimas novedades<br \/><span> del Hotel Cordelia!<\/span><\/h2>\n\n  \n    <div class=\"row large-columns-3 medium-columns-2 small-columns-1\" >\n  <div class=\"col post-item\" >\n\t\t\t<div class=\"col-inner\">\n\t\t\t\t<div class=\"box box-normal box-text-bottom box-blog-post has-hover\">\n            \t\t\t\t\t<div class=\"box-image\" >\n  \t\t\t\t\t\t<div class=\"image-cover\" style=\"padding-top:75%;\">\n\t\t\t\t\t\t\t<a href=\"https:\/\/www.cordelia-paris-hotel.com\/new\/es\/una-ubicacion-ideal\/\" class=\"plain\" aria-label=\"Una ubicaci\u00f3n ideal\">\n\t\t\t\t\t\t\t\t<img decoding=\"async\" width=\"300\" height=\"200\" src=\"https:\/\/www.cordelia-paris-hotel.com\/new\/wp-content\/uploads\/2025\/10\/autour-hotel-2-300x200.jpg\" class=\"attachment-medium size-medium wp-post-image\" alt=\"Place de la Concorde\" srcset=\"https:\/\/www.cordelia-paris-hotel.com\/new\/wp-content\/uploads\/2025\/10\/autour-hotel-2-300x200.jpg 300w, https:\/\/www.cordelia-paris-hotel.com\/new\/wp-content\/uploads\/2025\/10\/autour-hotel-2-1024x683.jpg 1024w, https:\/\/www.cordelia-paris-hotel.com\/new\/wp-content\/uploads\/2025\/10\/autour-hotel-2-768x512.jpg 768w, https:\/\/www.cordelia-paris-hotel.com\/new\/wp-content\/uploads\/2025\/10\/autour-hotel-2-1536x1024.jpg 1536w, https:\/\/www.cordelia-paris-hotel.com\/new\/wp-content\/uploads\/2025\/10\/autour-hotel-2.jpg 1920w\" sizes=\"(max-width: 300px) 100vw, 300px\" \/>\t\t\t\t\t\t\t<\/a>\n  \t\t\t\t\t\t\t  \t\t\t\t\t\t\t  \t\t\t\t\t\t<\/div>\n  \t\t\t\t\t\t  \t\t\t\t\t<\/div>\n          \t\t\t\t\t<div class=\"box-text text-center\" >\n\t\t\t\t\t<div class=\"box-text-inner blog-post-inner\">\n\n\t\t\t\t\t\n\t\t\t\t\t\t\t\t\t\t<h5 class=\"post-title is-large \">\n\t\t\t\t\t\t<a href=\"https:\/\/www.cordelia-paris-hotel.com\/new\/es\/una-ubicacion-ideal\/\" class=\"plain\">Una ubicaci\u00f3n ideal<\/a>\n\t\t\t\t\t<\/h5>\n\t\t\t\t\t\t\t\t\t\t<div class=\"is-divider\"><\/div>\n\t\t\t\t\t\t\t\t\t\t<p class=\"from_the_blog_excerpt \">\n\t\t\t\t\t\t\t\t\t\t\t<\/p>\n\t\t\t\t\t                    \n\t\t\t\t\t\t\t\t\t\t\t<a href=\"https:\/\/www.cordelia-paris-hotel.com\/new\/es\/una-ubicacion-ideal\/\" class=\"button primary is-link is-large mb-0\">\n\t\t\t\t\t\t\tlee la noticia\t\t\t\t\t\t<\/a>\n\t\t\t\t\t\n\t\t\t\t\t\n\t\t\t\t\t<\/div>\n\t\t\t\t\t<\/div>\n\t\t\t\t\t\t\t\t\t<\/div>\n\t\t\t<\/div>\n\t\t<\/div><div class=\"col post-item\" >\n\t\t\t<div class=\"col-inner\">\n\t\t\t\t<div class=\"box box-normal box-text-bottom box-blog-post has-hover\">\n            \t\t\t\t\t<div class=\"box-image\" >\n  \t\t\t\t\t\t<div class=\"image-cover\" style=\"padding-top:75%;\">\n\t\t\t\t\t\t\t<a href=\"https:\/\/www.cordelia-paris-hotel.com\/new\/es\/acerca-del-hotel-cordelia\/\" class=\"plain\" aria-label=\"Acerca del Hotel Cordelia\">\n\t\t\t\t\t\t\t\t<img decoding=\"async\" width=\"300\" height=\"200\" src=\"https:\/\/www.cordelia-paris-hotel.com\/new\/wp-content\/uploads\/2025\/10\/article-Salon-canape-raye-300x200.jpg\" class=\"attachment-medium size-medium wp-post-image\" alt=\"Salon de l&#039;H\u00f4tel Cord\u00e9lia Paris\" srcset=\"https:\/\/www.cordelia-paris-hotel.com\/new\/wp-content\/uploads\/2025\/10\/article-Salon-canape-raye-300x200.jpg 300w, https:\/\/www.cordelia-paris-hotel.com\/new\/wp-content\/uploads\/2025\/10\/article-Salon-canape-raye-1024x683.jpg 1024w, https:\/\/www.cordelia-paris-hotel.com\/new\/wp-content\/uploads\/2025\/10\/article-Salon-canape-raye-768x512.jpg 768w, https:\/\/www.cordelia-paris-hotel.com\/new\/wp-content\/uploads\/2025\/10\/article-Salon-canape-raye-1536x1024.jpg 1536w, https:\/\/www.cordelia-paris-hotel.com\/new\/wp-content\/uploads\/2025\/10\/article-Salon-canape-raye.jpg 1920w\" sizes=\"(max-width: 300px) 100vw, 300px\" \/>\t\t\t\t\t\t\t<\/a>\n  \t\t\t\t\t\t\t  \t\t\t\t\t\t\t  \t\t\t\t\t\t<\/div>\n  \t\t\t\t\t\t  \t\t\t\t\t<\/div>\n          \t\t\t\t\t<div class=\"box-text text-center\" >\n\t\t\t\t\t<div class=\"box-text-inner blog-post-inner\">\n\n\t\t\t\t\t\n\t\t\t\t\t\t\t\t\t\t<h5 class=\"post-title is-large \">\n\t\t\t\t\t\t<a href=\"https:\/\/www.cordelia-paris-hotel.com\/new\/es\/acerca-del-hotel-cordelia\/\" class=\"plain\">Acerca del Hotel Cordelia<\/a>\n\t\t\t\t\t<\/h5>\n\t\t\t\t\t\t\t\t\t\t<div class=\"is-divider\"><\/div>\n\t\t\t\t\t\t\t\t\t\t<p class=\"from_the_blog_excerpt \">\n\t\t\t\t\t\t\t\t\t\t\t<\/p>\n\t\t\t\t\t                    \n\t\t\t\t\t\t\t\t\t\t\t<a href=\"https:\/\/www.cordelia-paris-hotel.com\/new\/es\/acerca-del-hotel-cordelia\/\" class=\"button primary is-link is-large mb-0\">\n\t\t\t\t\t\t\tlee la noticia\t\t\t\t\t\t<\/a>\n\t\t\t\t\t\n\t\t\t\t\t\n\t\t\t\t\t<\/div>\n\t\t\t\t\t<\/div>\n\t\t\t\t\t\t\t\t\t<\/div>\n\t\t\t<\/div>\n\t\t<\/div><\/div>\n\n\n\t\t<\/div>\n\t\t\t\t\n<style>\n#col-1617797372 > .col-inner {\n  padding: 0px 0px 0px 0px;\n  margin: 50px 0px 0px 0px;\n}\n<\/style>\n\t<\/div>\n\n\t\n\n\t<div id=\"col-1163481875\" class=\"col small-12 large-12\"  >\n\t\t\t\t<div class=\"col-inner text-center\"  >\n\t\t\t\n\t\t\t\n\n<a href=\"https:\/\/www.secure-hotel-booking.com\/Hotel-Cordelia\/21V3\/dateselection?language=ES\" target=\"_blank\" class=\"button secondary\" rel=\"noopener\"  style=\"border-radius:5px;padding:7px 80px 7px 80px;\">\n\t\t<span>reservar una habitaci\u00f3n<\/span>\n\t<\/a>\n\n\n\n\t\t<\/div>\n\t\t\t\t\t<\/div>\n\n\t\n\n<\/div>\n\n","protected":false},"excerpt":{"rendered":"","protected":false},"author":1,"featured_media":0,"parent":0,"menu_order":0,"comment_status":"closed","ping_status":"closed","template":"page-transparent-header-light.php","meta":{"_acf_changed":false,"footnotes":""},"class_list":["post-2946","page","type-page","status-publish","hentry"],"acf":[],"yoast_head":"<!-- This site is optimized with the Yoast SEO plugin v27.4 - https:\/\/yoast.com\/product\/yoast-seo-wordpress\/ -->\n<title>\u00daltimas noticias del hotel Cordelia Paris<\/title>\n<meta name=\"description\" content=\"Encuentre las \u00faltimas novedades del hotel Cord\u00e9lia, as\u00ed como ideas de salidas, espect\u00e1culos y restaurantes que le recomendamos.\" \/>\n<meta name=\"robots\" content=\"noindex, follow, max-snippet:-1, max-image-preview:large, max-video-preview:-1\" \/>\n<meta property=\"og:locale\" content=\"es_ES\" \/>\n<meta property=\"og:type\" content=\"article\" \/>\n<meta property=\"og:title\" content=\"\u00daltimas noticias del hotel Cordelia Paris\" \/>\n<meta property=\"og:description\" content=\"Encuentre las \u00faltimas novedades del hotel Cord\u00e9lia, as\u00ed como ideas de salidas, espect\u00e1culos y restaurantes que le recomendamos.\" \/>\n<meta property=\"og:url\" content=\"https:\/\/www.cordelia-paris-hotel.com\/new\/es\/noticias\/\" \/>\n<meta property=\"og:site_name\" content=\"H\u00f4tel Cord\u00e9lia\" \/>\n<meta property=\"article:modified_time\" content=\"2026-01-05T15:34:42+00:00\" \/>\n<meta name=\"twitter:card\" content=\"summary_large_image\" \/>\n<meta name=\"twitter:label1\" content=\"Tiempo de lectura\" \/>\n\t<meta name=\"twitter:data1\" content=\"1 minuto\" \/>\n<script type=\"application\/ld+json\" class=\"yoast-schema-graph\">{\"@context\":\"https:\\\/\\\/schema.org\",\"@graph\":[{\"@type\":\"WebPage\",\"@id\":\"https:\\\/\\\/www.cordelia-paris-hotel.com\\\/new\\\/es\\\/noticias\\\/\",\"url\":\"https:\\\/\\\/www.cordelia-paris-hotel.com\\\/new\\\/es\\\/noticias\\\/\",\"name\":\"\u00daltimas noticias del hotel Cordelia Paris\",\"isPartOf\":{\"@id\":\"https:\\\/\\\/www.cordelia-paris-hotel.com\\\/new\\\/es\\\/#website\"},\"datePublished\":\"2025-12-08T13:32:05+00:00\",\"dateModified\":\"2026-01-05T15:34:42+00:00\",\"description\":\"Encuentre las \u00faltimas novedades del hotel Cord\u00e9lia, as\u00ed como ideas de salidas, espect\u00e1culos y restaurantes que le recomendamos.\",\"breadcrumb\":{\"@id\":\"https:\\\/\\\/www.cordelia-paris-hotel.com\\\/new\\\/es\\\/noticias\\\/#breadcrumb\"},\"inLanguage\":\"es\",\"potentialAction\":[{\"@type\":\"ReadAction\",\"target\":[\"https:\\\/\\\/www.cordelia-paris-hotel.com\\\/new\\\/es\\\/noticias\\\/\"]}]},{\"@type\":\"BreadcrumbList\",\"@id\":\"https:\\\/\\\/www.cordelia-paris-hotel.com\\\/new\\\/es\\\/noticias\\\/#breadcrumb\",\"itemListElement\":[{\"@type\":\"ListItem\",\"position\":1,\"name\":\"Accueil\",\"item\":\"https:\\\/\\\/www.cordelia-paris-hotel.com\\\/new\\\/es\\\/\"},{\"@type\":\"ListItem\",\"position\":2,\"name\":\"Noticias\"}]},{\"@type\":\"WebSite\",\"@id\":\"https:\\\/\\\/www.cordelia-paris-hotel.com\\\/new\\\/es\\\/#website\",\"url\":\"https:\\\/\\\/www.cordelia-paris-hotel.com\\\/new\\\/es\\\/\",\"name\":\"H\u00f4tel Cord\u00e9lia\",\"description\":\"\",\"potentialAction\":[{\"@type\":\"SearchAction\",\"target\":{\"@type\":\"EntryPoint\",\"urlTemplate\":\"https:\\\/\\\/www.cordelia-paris-hotel.com\\\/new\\\/es\\\/?s={search_term_string}\"},\"query-input\":{\"@type\":\"PropertyValueSpecification\",\"valueRequired\":true,\"valueName\":\"search_term_string\"}}],\"inLanguage\":\"es\"}]}<\/script>\n<!-- \/ Yoast SEO plugin. -->","yoast_head_json":{"title":"\u00daltimas noticias del hotel Cordelia Paris","description":"Encuentre las \u00faltimas novedades del hotel Cord\u00e9lia, as\u00ed como ideas de salidas, espect\u00e1culos y restaurantes que le recomendamos.","robots":{"index":"noindex","follow":"follow","max-snippet":"max-snippet:-1","max-image-preview":"max-image-preview:large","max-video-preview":"max-video-preview:-1"},"og_locale":"es_ES","og_type":"article","og_title":"\u00daltimas noticias del hotel Cordelia Paris","og_description":"Encuentre las \u00faltimas novedades del hotel Cord\u00e9lia, as\u00ed como ideas de salidas, espect\u00e1culos y restaurantes que le recomendamos.","og_url":"https:\/\/www.cordelia-paris-hotel.com\/new\/es\/noticias\/","og_site_name":"H\u00f4tel Cord\u00e9lia","article_modified_time":"2026-01-05T15:34:42+00:00","twitter_card":"summary_large_image","twitter_misc":{"Tiempo de lectura":"1 minuto"},"schema":{"@context":"https:\/\/schema.org","@graph":[{"@type":"WebPage","@id":"https:\/\/www.cordelia-paris-hotel.com\/new\/es\/noticias\/","url":"https:\/\/www.cordelia-paris-hotel.com\/new\/es\/noticias\/","name":"\u00daltimas noticias del hotel Cordelia Paris","isPartOf":{"@id":"https:\/\/www.cordelia-paris-hotel.com\/new\/es\/#website"},"datePublished":"2025-12-08T13:32:05+00:00","dateModified":"2026-01-05T15:34:42+00:00","description":"Encuentre las \u00faltimas novedades del hotel Cord\u00e9lia, as\u00ed como ideas de salidas, espect\u00e1culos y restaurantes que le recomendamos.","breadcrumb":{"@id":"https:\/\/www.cordelia-paris-hotel.com\/new\/es\/noticias\/#breadcrumb"},"inLanguage":"es","potentialAction":[{"@type":"ReadAction","target":["https:\/\/www.cordelia-paris-hotel.com\/new\/es\/noticias\/"]}]},{"@type":"BreadcrumbList","@id":"https:\/\/www.cordelia-paris-hotel.com\/new\/es\/noticias\/#breadcrumb","itemListElement":[{"@type":"ListItem","position":1,"name":"Accueil","item":"https:\/\/www.cordelia-paris-hotel.com\/new\/es\/"},{"@type":"ListItem","position":2,"name":"Noticias"}]},{"@type":"WebSite","@id":"https:\/\/www.cordelia-paris-hotel.com\/new\/es\/#website","url":"https:\/\/www.cordelia-paris-hotel.com\/new\/es\/","name":"H\u00f4tel Cord\u00e9lia","description":"","potentialAction":[{"@type":"SearchAction","target":{"@type":"EntryPoint","urlTemplate":"https:\/\/www.cordelia-paris-hotel.com\/new\/es\/?s={search_term_string}"},"query-input":{"@type":"PropertyValueSpecification","valueRequired":true,"valueName":"search_term_string"}}],"inLanguage":"es"}]}},"_links":{"self":[{"href":"https:\/\/www.cordelia-paris-hotel.com\/new\/es\/wp-json\/wp\/v2\/pages\/2946","targetHints":{"allow":["GET"]}}],"collection":[{"href":"https:\/\/www.cordelia-paris-hotel.com\/new\/es\/wp-json\/wp\/v2\/pages"}],"about":[{"href":"https:\/\/www.cordelia-paris-hotel.com\/new\/es\/wp-json\/wp\/v2\/types\/page"}],"author":[{"embeddable":true,"href":"https:\/\/www.cordelia-paris-hotel.com\/new\/es\/wp-json\/wp\/v2\/users\/1"}],"replies":[{"embeddable":true,"href":"https:\/\/www.cordelia-paris-hotel.com\/new\/es\/wp-json\/wp\/v2\/comments?post=2946"}],"version-history":[{"count":9,"href":"https:\/\/www.cordelia-paris-hotel.com\/new\/es\/wp-json\/wp\/v2\/pages\/2946\/revisions"}],"predecessor-version":[{"id":3181,"href":"https:\/\/www.cordelia-paris-hotel.com\/new\/es\/wp-json\/wp\/v2\/pages\/2946\/revisions\/3181"}],"wp:attachment":[{"href":"https:\/\/www.cordelia-paris-hotel.com\/new\/es\/wp-json\/wp\/v2\/media?parent=2946"}],"curies":[{"name":"wp","href":"https:\/\/api.w.org\/{rel}","templated":true}]}}